{"id":2811,"date":"2026-04-17T13:25:07","date_gmt":"2026-04-17T11:25:07","guid":{"rendered":"https:\/\/rubi.com.py\/index.php\/producto\/bolso-termico-oxford-cuadrado-6lts\/"},"modified":"2026-04-17T13:25:07","modified_gmt":"2026-04-17T11:25:07","slug":"bolso-termico-oxford-cuadrado-6lts","status":"publish","type":"product","link":"https:\/\/rubi.com.py\/index.php\/producto\/bolso-termico-oxford-cuadrado-6lts\/","title":{"rendered":"BOLSO T\u00c9RMICO OXFORD CUADRADO 6LTS."},"content":{"rendered":"<p>BOLSO T\u00c9RMICO OXFORD CUADRADO 6LTS. Caracter\u00edsticas: -Bolsa para lunch -Mantiene frio por varias horas -Impermeable -Tela Oxford de alta intensidad -F\u00e1cil de limpiar -Con correa de hombro -Medidas 23x 17 x 15cm -Capacidad: 6 litros aprox<\/p>\n","protected":false},"excerpt":{"rendered":"<p>BOLSO T\u00c9RMICO OXFORD CUADRADO 6LTS.<\/p>\n","protected":false},"featured_media":0,"comment_status":"open","ping_status":"closed","template":"","meta":{"_et_pb_use_builder":"","_et_pb_old_content":"","_et_gb_content_width":""},"product_brand":[],"product_cat":[38],"product_tag":[],"class_list":{"0":"post-2811","1":"product","2":"type-product","3":"status-publish","5":"product_cat-hogar-y-limpieza","7":"first","8":"instock","9":"shipping-taxable","10":"purchasable","11":"product-type-simple"},"_links":{"self":[{"href":"https:\/\/rubi.com.py\/index.php\/wp-json\/wp\/v2\/product\/2811","targetHints":{"allow":["GET"]}}],"collection":[{"href":"https:\/\/rubi.com.py\/index.php\/wp-json\/wp\/v2\/product"}],"about":[{"href":"https:\/\/rubi.com.py\/index.php\/wp-json\/wp\/v2\/types\/product"}],"replies":[{"embeddable":true,"href":"https:\/\/rubi.com.py\/index.php\/wp-json\/wp\/v2\/comments?post=2811"}],"wp:attachment":[{"href":"https:\/\/rubi.com.py\/index.php\/wp-json\/wp\/v2\/media?parent=2811"}],"wp:term":[{"taxonomy":"product_brand","embeddable":true,"href":"https:\/\/rubi.com.py\/index.php\/wp-json\/wp\/v2\/product_brand?post=2811"},{"taxonomy":"product_cat","embeddable":true,"href":"https:\/\/rubi.com.py\/index.php\/wp-json\/wp\/v2\/product_cat?post=2811"},{"taxonomy":"product_tag","embeddable":true,"href":"https:\/\/rubi.com.py\/index.php\/wp-json\/wp\/v2\/product_tag?post=2811"}],"curies":[{"name":"wp","href":"https:\/\/api.w.org\/{rel}","templated":true}]}}