{"id":2824,"date":"2026-04-17T13:28:47","date_gmt":"2026-04-17T11:28:47","guid":{"rendered":"https:\/\/rubi.com.py\/index.php\/producto\/smartwatch-kolke-kvr-795-plateado\/"},"modified":"2026-04-17T13:28:47","modified_gmt":"2026-04-17T11:28:47","slug":"smartwatch-kolke-kvr-795-plateado","status":"publish","type":"product","link":"https:\/\/rubi.com.py\/index.php\/producto\/smartwatch-kolke-kvr-795-plateado\/","title":{"rendered":"SMARTWATCH KOLKE KVR-795 PLATEADO"},"content":{"rendered":"<p>SMARTWATCH KOLKE KVR-795 PLATEADO Caracter\u00edsticas: &#8211; Pantalla t\u00e1ctil TFT 1,93\u201d (240 \u00d7 288) &#8211; Bater\u00eda 275 mAh | hasta 3 d\u00edas de uso &#8211; Bluetooth 5.3 | llamadas y notificaciones &#8211; +100 modos deportivos y monitoreo de salud &#8211; Resistente al agua 1 ATM | carga magn\u00e9tica &#8211; Compatible con Da Fit (Android \/ iOS)<\/p>\n","protected":false},"excerpt":{"rendered":"<p>SMARTWATCH KOLKE KVR-795 PLATEADO<\/p>\n","protected":false},"featured_media":0,"comment_status":"open","ping_status":"closed","template":"","meta":{"_et_pb_use_builder":"","_et_pb_old_content":"","_et_gb_content_width":""},"product_brand":[],"product_cat":[46],"product_tag":[],"class_list":{"0":"post-2824","1":"product","2":"type-product","3":"status-publish","5":"product_cat-tecnologia","7":"first","8":"instock","9":"shipping-taxable","10":"purchasable","11":"product-type-simple"},"_links":{"self":[{"href":"https:\/\/rubi.com.py\/index.php\/wp-json\/wp\/v2\/product\/2824","targetHints":{"allow":["GET"]}}],"collection":[{"href":"https:\/\/rubi.com.py\/index.php\/wp-json\/wp\/v2\/product"}],"about":[{"href":"https:\/\/rubi.com.py\/index.php\/wp-json\/wp\/v2\/types\/product"}],"replies":[{"embeddable":true,"href":"https:\/\/rubi.com.py\/index.php\/wp-json\/wp\/v2\/comments?post=2824"}],"wp:attachment":[{"href":"https:\/\/rubi.com.py\/index.php\/wp-json\/wp\/v2\/media?parent=2824"}],"wp:term":[{"taxonomy":"product_brand","embeddable":true,"href":"https:\/\/rubi.com.py\/index.php\/wp-json\/wp\/v2\/product_brand?post=2824"},{"taxonomy":"product_cat","embeddable":true,"href":"https:\/\/rubi.com.py\/index.php\/wp-json\/wp\/v2\/product_cat?post=2824"},{"taxonomy":"product_tag","embeddable":true,"href":"https:\/\/rubi.com.py\/index.php\/wp-json\/wp\/v2\/product_tag?post=2824"}],"curies":[{"name":"wp","href":"https:\/\/api.w.org\/{rel}","templated":true}]}}