{"id":2828,"date":"2026-04-17T13:29:45","date_gmt":"2026-04-17T11:29:45","guid":{"rendered":"https:\/\/rubi.com.py\/index.php\/producto\/vinera-termoelectrica-nappo-8-botellas-nee-325b\/"},"modified":"2026-04-17T13:30:02","modified_gmt":"2026-04-17T11:30:02","slug":"vinera-termoelectrica-nappo-8-botellas-nee-325b","status":"publish","type":"product","link":"https:\/\/rubi.com.py\/index.php\/producto\/vinera-termoelectrica-nappo-8-botellas-nee-325b\/","title":{"rendered":"VINERA TERMOELECTRICA NAPPO 8 BOTELLAS NEE-325B"},"content":{"rendered":"<p>VINERA TERMOELECTRICA NAPPO 8 BOTELLAS NEE-325B Caracter\u00edsticas: -Puede almacenar 8 botellas est\u00e1ndar de vino. -Panel t\u00e1ctil con 4 botones. -Temperatura: 8 \u201318 \u2103. -Sistema de enfriamiento termoel\u00e9ctrico. -Potencia: 58W. -Ficha tipo N (Brasil) -Clasificaci\u00f3n clim\u00e1tica: ST \/ N. -Dimensiones: 25,2 \u00d7 50 \u00d7 45,5 cm<\/p>\n","protected":false},"excerpt":{"rendered":"<p>VINERA TERMOELECTRICA NAPPO 8 BOTELLAS NEE-325B<\/p>\n","protected":false},"featured_media":2829,"comment_status":"open","ping_status":"closed","template":"","meta":{"_et_pb_use_builder":"","_et_pb_old_content":"","_et_gb_content_width":""},"product_brand":[],"product_cat":[38,43],"product_tag":[],"class_list":{"0":"post-2828","1":"product","2":"type-product","3":"status-publish","4":"has-post-thumbnail","6":"product_cat-hogar-y-limpieza","7":"product_cat-refrigeracion","9":"first","10":"instock","11":"shipping-taxable","12":"purchasable","13":"product-type-simple"},"_links":{"self":[{"href":"https:\/\/rubi.com.py\/index.php\/wp-json\/wp\/v2\/product\/2828","targetHints":{"allow":["GET"]}}],"collection":[{"href":"https:\/\/rubi.com.py\/index.php\/wp-json\/wp\/v2\/product"}],"about":[{"href":"https:\/\/rubi.com.py\/index.php\/wp-json\/wp\/v2\/types\/product"}],"replies":[{"embeddable":true,"href":"https:\/\/rubi.com.py\/index.php\/wp-json\/wp\/v2\/comments?post=2828"}],"wp:featuredmedia":[{"embeddable":true,"href":"https:\/\/rubi.com.py\/index.php\/wp-json\/wp\/v2\/media\/2829"}],"wp:attachment":[{"href":"https:\/\/rubi.com.py\/index.php\/wp-json\/wp\/v2\/media?parent=2828"}],"wp:term":[{"taxonomy":"product_brand","embeddable":true,"href":"https:\/\/rubi.com.py\/index.php\/wp-json\/wp\/v2\/product_brand?post=2828"},{"taxonomy":"product_cat","embeddable":true,"href":"https:\/\/rubi.com.py\/index.php\/wp-json\/wp\/v2\/product_cat?post=2828"},{"taxonomy":"product_tag","embeddable":true,"href":"https:\/\/rubi.com.py\/index.php\/wp-json\/wp\/v2\/product_tag?post=2828"}],"curies":[{"name":"wp","href":"https:\/\/api.w.org\/{rel}","templated":true}]}}