{"id":2833,"date":"2026-04-17T13:34:21","date_gmt":"2026-04-17T11:34:21","guid":{"rendered":"https:\/\/rubi.com.py\/index.php\/producto\/adaptador-displayport-a-hdmi-4k-kolke-kca-799\/"},"modified":"2026-04-17T13:34:21","modified_gmt":"2026-04-17T11:34:21","slug":"adaptador-displayport-a-hdmi-4k-kolke-kca-799","status":"publish","type":"product","link":"https:\/\/rubi.com.py\/index.php\/producto\/adaptador-displayport-a-hdmi-4k-kolke-kca-799\/","title":{"rendered":"ADAPTADOR DISPLAYPORT A HDMI 4K KOLKE KCA-799"},"content":{"rendered":"<p>ADAPTADOR DISPLAYPORT A HDMI 4K KOLKE KCA-799 Caracter\u00edsticas: -Resoluci\u00f3n m\u00e1xima 4K UHD (3840 \u00d7 2160) -Compatible con monitores, TVs y proyectores HDMI -Convierte se\u00f1al DisplayPort a HDMI (unidireccional) -Plug &amp; Play, no requiere drivers -Soporta transmisi\u00f3n de audio y video digital -Conector DisplayPort macho -Puerto HDMI hembra -Dise\u00f1o compacto y port\u00e1til -Ideal para notebooks, PCs y estaciones de trabajo -Carcasa resistente para mayor durabilidad<\/p>\n","protected":false},"excerpt":{"rendered":"<p>ADAPTADOR DISPLAYPORT A HDMI 4K KOLKE KCA-799<\/p>\n","protected":false},"featured_media":0,"comment_status":"open","ping_status":"closed","template":"","meta":{"_et_pb_use_builder":"","_et_pb_old_content":"","_et_gb_content_width":""},"product_brand":[],"product_cat":[46],"product_tag":[],"class_list":{"0":"post-2833","1":"product","2":"type-product","3":"status-publish","5":"product_cat-tecnologia","7":"first","8":"instock","9":"shipping-taxable","10":"purchasable","11":"product-type-simple"},"_links":{"self":[{"href":"https:\/\/rubi.com.py\/index.php\/wp-json\/wp\/v2\/product\/2833","targetHints":{"allow":["GET"]}}],"collection":[{"href":"https:\/\/rubi.com.py\/index.php\/wp-json\/wp\/v2\/product"}],"about":[{"href":"https:\/\/rubi.com.py\/index.php\/wp-json\/wp\/v2\/types\/product"}],"replies":[{"embeddable":true,"href":"https:\/\/rubi.com.py\/index.php\/wp-json\/wp\/v2\/comments?post=2833"}],"wp:attachment":[{"href":"https:\/\/rubi.com.py\/index.php\/wp-json\/wp\/v2\/media?parent=2833"}],"wp:term":[{"taxonomy":"product_brand","embeddable":true,"href":"https:\/\/rubi.com.py\/index.php\/wp-json\/wp\/v2\/product_brand?post=2833"},{"taxonomy":"product_cat","embeddable":true,"href":"https:\/\/rubi.com.py\/index.php\/wp-json\/wp\/v2\/product_cat?post=2833"},{"taxonomy":"product_tag","embeddable":true,"href":"https:\/\/rubi.com.py\/index.php\/wp-json\/wp\/v2\/product_tag?post=2833"}],"curies":[{"name":"wp","href":"https:\/\/api.w.org\/{rel}","templated":true}]}}