{"id":2835,"date":"2026-04-17T13:35:17","date_gmt":"2026-04-17T11:35:17","guid":{"rendered":"https:\/\/rubi.com.py\/index.php\/producto\/escurridor-de-vajilla-decoteam-blanco-dce-028-852880\/"},"modified":"2026-04-17T13:35:17","modified_gmt":"2026-04-17T11:35:17","slug":"escurridor-de-vajilla-decoteam-blanco-dce-028-852880","status":"publish","type":"product","link":"https:\/\/rubi.com.py\/index.php\/producto\/escurridor-de-vajilla-decoteam-blanco-dce-028-852880\/","title":{"rendered":"ESCURRIDOR DE VAJILLA DECOTEAM BLANCO DCE-028 85*28*80"},"content":{"rendered":"<p>ESCURRIDOR DE VAJILLA DECOTEAM BLANCO DCE-028 85*28*80 Caracter\u00edsticas: -Escurridor de platos sobre pileta. -2 estantes, uno de ellos con puerta de acr\u00edlico. -Dise\u00f1o moderno y sobrio. -Accesorios movibles. -Gran capacidad de almacenaje. -Ahorra espacio. -Incluye Soporte para tabla, soporte para cubierto, soporte para cuchillos, ganchos para coldar, soporte apra jab\u00f3n \/ esponja \/ accesorios.<\/p>\n","protected":false},"excerpt":{"rendered":"<p>ESCURRIDOR DE VAJILLA DECOTEAM BLANCO DCE-028 85*28*80<\/p>\n","protected":false},"featured_media":0,"comment_status":"open","ping_status":"closed","template":"","meta":{"_et_pb_use_builder":"","_et_pb_old_content":"","_et_gb_content_width":""},"product_brand":[],"product_cat":[38],"product_tag":[],"class_list":{"0":"post-2835","1":"product","2":"type-product","3":"status-publish","5":"product_cat-hogar-y-limpieza","7":"first","8":"instock","9":"shipping-taxable","10":"purchasable","11":"product-type-simple"},"_links":{"self":[{"href":"https:\/\/rubi.com.py\/index.php\/wp-json\/wp\/v2\/product\/2835","targetHints":{"allow":["GET"]}}],"collection":[{"href":"https:\/\/rubi.com.py\/index.php\/wp-json\/wp\/v2\/product"}],"about":[{"href":"https:\/\/rubi.com.py\/index.php\/wp-json\/wp\/v2\/types\/product"}],"replies":[{"embeddable":true,"href":"https:\/\/rubi.com.py\/index.php\/wp-json\/wp\/v2\/comments?post=2835"}],"wp:attachment":[{"href":"https:\/\/rubi.com.py\/index.php\/wp-json\/wp\/v2\/media?parent=2835"}],"wp:term":[{"taxonomy":"product_brand","embeddable":true,"href":"https:\/\/rubi.com.py\/index.php\/wp-json\/wp\/v2\/product_brand?post=2835"},{"taxonomy":"product_cat","embeddable":true,"href":"https:\/\/rubi.com.py\/index.php\/wp-json\/wp\/v2\/product_cat?post=2835"},{"taxonomy":"product_tag","embeddable":true,"href":"https:\/\/rubi.com.py\/index.php\/wp-json\/wp\/v2\/product_tag?post=2835"}],"curies":[{"name":"wp","href":"https:\/\/api.w.org\/{rel}","templated":true}]}}