{"id":2845,"date":"2026-04-17T13:42:13","date_gmt":"2026-04-17T11:42:13","guid":{"rendered":"https:\/\/rubi.com.py\/index.php\/producto\/vinera-termoelectrica-nappo-16-botellas-nee-326\/"},"modified":"2026-04-17T13:42:13","modified_gmt":"2026-04-17T11:42:13","slug":"vinera-termoelectrica-nappo-16-botellas-nee-326","status":"publish","type":"product","link":"https:\/\/rubi.com.py\/index.php\/producto\/vinera-termoelectrica-nappo-16-botellas-nee-326\/","title":{"rendered":"VINERA TERMOELECTRICA NAPPO 16 BOTELLAS NEE-326"},"content":{"rendered":"<p>VINERA TERMOELECTRICA NAPPO 16 BOTELLAS NEE-326 Caracter\u00edsticas: -Puede almacenar 16 botellas est\u00e1ndar de vino. -Panel t\u00e1ctil con 4 botones. -Capacidad: 49L. -Temperatura: 12 \u201318 \u2103. -Potencia: 58W. -Clasificaci\u00f3n clim\u00e1tica: SN \/ N. -Ficha Schuko. -Dimensiones: 43 x 50 x 51,3 cm.<\/p>\n","protected":false},"excerpt":{"rendered":"<p>VINERA TERMOELECTRICA NAPPO 16 BOTELLAS NEE-326<\/p>\n","protected":false},"featured_media":2844,"comment_status":"open","ping_status":"closed","template":"","meta":{"_et_pb_use_builder":"","_et_pb_old_content":"","_et_gb_content_width":""},"product_brand":[],"product_cat":[33,43],"product_tag":[],"class_list":{"0":"post-2845","1":"product","2":"type-product","3":"status-publish","4":"has-post-thumbnail","6":"product_cat-cocina-y-comedor","7":"product_cat-refrigeracion","9":"first","10":"instock","11":"shipping-taxable","12":"purchasable","13":"product-type-simple"},"_links":{"self":[{"href":"https:\/\/rubi.com.py\/index.php\/wp-json\/wp\/v2\/product\/2845","targetHints":{"allow":["GET"]}}],"collection":[{"href":"https:\/\/rubi.com.py\/index.php\/wp-json\/wp\/v2\/product"}],"about":[{"href":"https:\/\/rubi.com.py\/index.php\/wp-json\/wp\/v2\/types\/product"}],"replies":[{"embeddable":true,"href":"https:\/\/rubi.com.py\/index.php\/wp-json\/wp\/v2\/comments?post=2845"}],"wp:featuredmedia":[{"embeddable":true,"href":"https:\/\/rubi.com.py\/index.php\/wp-json\/wp\/v2\/media\/2844"}],"wp:attachment":[{"href":"https:\/\/rubi.com.py\/index.php\/wp-json\/wp\/v2\/media?parent=2845"}],"wp:term":[{"taxonomy":"product_brand","embeddable":true,"href":"https:\/\/rubi.com.py\/index.php\/wp-json\/wp\/v2\/product_brand?post=2845"},{"taxonomy":"product_cat","embeddable":true,"href":"https:\/\/rubi.com.py\/index.php\/wp-json\/wp\/v2\/product_cat?post=2845"},{"taxonomy":"product_tag","embeddable":true,"href":"https:\/\/rubi.com.py\/index.php\/wp-json\/wp\/v2\/product_tag?post=2845"}],"curies":[{"name":"wp","href":"https:\/\/api.w.org\/{rel}","templated":true}]}}