{"id":2895,"date":"2026-04-17T18:03:43","date_gmt":"2026-04-17T16:03:43","guid":{"rendered":"https:\/\/rubi.com.py\/index.php\/producto\/parlante-kolke-portatil-waterproof-kpp-788-azul\/"},"modified":"2026-04-17T18:03:43","modified_gmt":"2026-04-17T16:03:43","slug":"parlante-kolke-portatil-waterproof-kpp-788-azul","status":"publish","type":"product","link":"https:\/\/rubi.com.py\/index.php\/producto\/parlante-kolke-portatil-waterproof-kpp-788-azul\/","title":{"rendered":"PARLANTE KOLKE PORTATIL WATERPROOF KPP-788 AZUL"},"content":{"rendered":"<p>PARLANTE KOLKE PORTATIL WATERPROOF KPP-788 AZUL Caracter\u00edsticas: &#8211; Waterproof IPX7 | uso en playa, piscina y exteriores &#8211; Bluetooth 5.4 | alcance hasta 10 m | funci\u00f3n TWS &#8211; Potencia 8 W | sonido monof\u00f3nico &#8211; Bater\u00eda 1200 mAh | hasta 8 hs | carga 2,5 hs &#8211; Dise\u00f1o compacto con enganche | material ABS + tela<\/p>\n","protected":false},"excerpt":{"rendered":"<p>PARLANTE KOLKE PORTATIL WATERPROOF KPP-788 AZUL<\/p>\n","protected":false},"featured_media":0,"comment_status":"open","ping_status":"closed","template":"","meta":{"_et_pb_use_builder":"","_et_pb_old_content":"","_et_gb_content_width":""},"product_brand":[],"product_cat":[46],"product_tag":[],"class_list":{"0":"post-2895","1":"product","2":"type-product","3":"status-publish","5":"product_cat-tecnologia","7":"first","8":"instock","9":"shipping-taxable","10":"purchasable","11":"product-type-simple"},"_links":{"self":[{"href":"https:\/\/rubi.com.py\/index.php\/wp-json\/wp\/v2\/product\/2895","targetHints":{"allow":["GET"]}}],"collection":[{"href":"https:\/\/rubi.com.py\/index.php\/wp-json\/wp\/v2\/product"}],"about":[{"href":"https:\/\/rubi.com.py\/index.php\/wp-json\/wp\/v2\/types\/product"}],"replies":[{"embeddable":true,"href":"https:\/\/rubi.com.py\/index.php\/wp-json\/wp\/v2\/comments?post=2895"}],"wp:attachment":[{"href":"https:\/\/rubi.com.py\/index.php\/wp-json\/wp\/v2\/media?parent=2895"}],"wp:term":[{"taxonomy":"product_brand","embeddable":true,"href":"https:\/\/rubi.com.py\/index.php\/wp-json\/wp\/v2\/product_brand?post=2895"},{"taxonomy":"product_cat","embeddable":true,"href":"https:\/\/rubi.com.py\/index.php\/wp-json\/wp\/v2\/product_cat?post=2895"},{"taxonomy":"product_tag","embeddable":true,"href":"https:\/\/rubi.com.py\/index.php\/wp-json\/wp\/v2\/product_tag?post=2895"}],"curies":[{"name":"wp","href":"https:\/\/api.w.org\/{rel}","templated":true}]}}