{"id":2916,"date":"2026-04-17T18:15:25","date_gmt":"2026-04-17T16:15:25","guid":{"rendered":"https:\/\/rubi.com.py\/index.php\/producto\/parlante-inalambrico-3-bowbox-kpp-687\/"},"modified":"2026-04-17T18:15:25","modified_gmt":"2026-04-17T16:15:25","slug":"parlante-inalambrico-3-bowbox-kpp-687","status":"publish","type":"product","link":"https:\/\/rubi.com.py\/index.php\/producto\/parlante-inalambrico-3-bowbox-kpp-687\/","title":{"rendered":"PARLANTE INAL\u00c1MBRICO 3&#8243; BOWBOX KPP-687"},"content":{"rendered":"<p>PARLANTE INAL\u00c1MBRICO 3&#8243; BOWBOX KPP-687 Caracter\u00edsticas: -Potencia: 30W. -Woofer de 3\u201d. -Conexi\u00f3n inl\u00e1mbrica -Bater\u00eda recargable de 800mAh, 3.7V. -Luz multicolor RGB (9 modos de luces). -Funci\u00f3n TWS (True Wireless Stereo). -Conexi\u00f3n: USB, SD, Aux 3.5mm y Mic 6.35mm. -Radio FM. -Soporte para el celular \/ Tablet en la parte superior. -Incluye: Cable de carga y cable Aux.<\/p>\n","protected":false},"excerpt":{"rendered":"<p>PARLANTE INAL\u00c1MBRICO 3&#8243; BOWBOX KPP-687<\/p>\n","protected":false},"featured_media":2915,"comment_status":"open","ping_status":"closed","template":"","meta":{"_et_pb_use_builder":"","_et_pb_old_content":"","_et_gb_content_width":""},"product_brand":[],"product_cat":[46],"product_tag":[],"class_list":{"0":"post-2916","1":"product","2":"type-product","3":"status-publish","4":"has-post-thumbnail","6":"product_cat-tecnologia","8":"first","9":"instock","10":"shipping-taxable","11":"purchasable","12":"product-type-simple"},"_links":{"self":[{"href":"https:\/\/rubi.com.py\/index.php\/wp-json\/wp\/v2\/product\/2916","targetHints":{"allow":["GET"]}}],"collection":[{"href":"https:\/\/rubi.com.py\/index.php\/wp-json\/wp\/v2\/product"}],"about":[{"href":"https:\/\/rubi.com.py\/index.php\/wp-json\/wp\/v2\/types\/product"}],"replies":[{"embeddable":true,"href":"https:\/\/rubi.com.py\/index.php\/wp-json\/wp\/v2\/comments?post=2916"}],"wp:featuredmedia":[{"embeddable":true,"href":"https:\/\/rubi.com.py\/index.php\/wp-json\/wp\/v2\/media\/2915"}],"wp:attachment":[{"href":"https:\/\/rubi.com.py\/index.php\/wp-json\/wp\/v2\/media?parent=2916"}],"wp:term":[{"taxonomy":"product_brand","embeddable":true,"href":"https:\/\/rubi.com.py\/index.php\/wp-json\/wp\/v2\/product_brand?post=2916"},{"taxonomy":"product_cat","embeddable":true,"href":"https:\/\/rubi.com.py\/index.php\/wp-json\/wp\/v2\/product_cat?post=2916"},{"taxonomy":"product_tag","embeddable":true,"href":"https:\/\/rubi.com.py\/index.php\/wp-json\/wp\/v2\/product_tag?post=2916"}],"curies":[{"name":"wp","href":"https:\/\/api.w.org\/{rel}","templated":true}]}}