{"id":2920,"date":"2026-04-17T18:16:10","date_gmt":"2026-04-17T16:16:10","guid":{"rendered":"https:\/\/rubi.com.py\/index.php\/producto\/monitor-kolke-curvo-34-ultrapanoramica-3440x1440-kes-714\/"},"modified":"2026-04-17T18:16:10","modified_gmt":"2026-04-17T16:16:10","slug":"monitor-kolke-curvo-34-ultrapanoramica-3440x1440-kes-714","status":"publish","type":"product","link":"https:\/\/rubi.com.py\/index.php\/producto\/monitor-kolke-curvo-34-ultrapanoramica-3440x1440-kes-714\/","title":{"rendered":"MONITOR KOLKE CURVO 34&#8243; ULTRAPANORAMICA 3440X1440 KES-714"},"content":{"rendered":"<p>MONITOR KOLKE CURVO 34&#8243; ULTRAPANORAMICA 3440X1440 KES-714 Caracter\u00edsticas: -Panel VA Grado A (8:2). -Resoluci\u00f3n: Ultrapanor\u00e1mica 3440 x 1440. -Relaci\u00f3n de aspecto: 16:9 -Frecuencia de escaneo: 180Hz -Tiempo de respuesta: 1-2ms MPRT. -Brillo: 200-250 cd\/m\u00b2. -Kenstington lock. -Flicker-Free. -Freeysnc. -Filtro luz azul. -G-sync. -Luz RGB. -Conexiones: HDMI (x2), DP (x2), Salida de Audio, DC. -HDR (High Dynamic Range \/ Alta gama din\u00e1mica).<\/p>\n","protected":false},"excerpt":{"rendered":"<p>MONITOR KOLKE CURVO 34&#8243; ULTRAPANORAMICA 3440X1440 KES-714<\/p>\n","protected":false},"featured_media":2919,"comment_status":"open","ping_status":"closed","template":"","meta":{"_et_pb_use_builder":"","_et_pb_old_content":"","_et_gb_content_width":""},"product_brand":[],"product_cat":[46],"product_tag":[],"class_list":{"0":"post-2920","1":"product","2":"type-product","3":"status-publish","4":"has-post-thumbnail","6":"product_cat-tecnologia","8":"first","9":"instock","10":"shipping-taxable","11":"purchasable","12":"product-type-simple"},"_links":{"self":[{"href":"https:\/\/rubi.com.py\/index.php\/wp-json\/wp\/v2\/product\/2920","targetHints":{"allow":["GET"]}}],"collection":[{"href":"https:\/\/rubi.com.py\/index.php\/wp-json\/wp\/v2\/product"}],"about":[{"href":"https:\/\/rubi.com.py\/index.php\/wp-json\/wp\/v2\/types\/product"}],"replies":[{"embeddable":true,"href":"https:\/\/rubi.com.py\/index.php\/wp-json\/wp\/v2\/comments?post=2920"}],"wp:featuredmedia":[{"embeddable":true,"href":"https:\/\/rubi.com.py\/index.php\/wp-json\/wp\/v2\/media\/2919"}],"wp:attachment":[{"href":"https:\/\/rubi.com.py\/index.php\/wp-json\/wp\/v2\/media?parent=2920"}],"wp:term":[{"taxonomy":"product_brand","embeddable":true,"href":"https:\/\/rubi.com.py\/index.php\/wp-json\/wp\/v2\/product_brand?post=2920"},{"taxonomy":"product_cat","embeddable":true,"href":"https:\/\/rubi.com.py\/index.php\/wp-json\/wp\/v2\/product_cat?post=2920"},{"taxonomy":"product_tag","embeddable":true,"href":"https:\/\/rubi.com.py\/index.php\/wp-json\/wp\/v2\/product_tag?post=2920"}],"curies":[{"name":"wp","href":"https:\/\/api.w.org\/{rel}","templated":true}]}}