{"id":2922,"date":"2026-04-17T18:17:07","date_gmt":"2026-04-17T16:17:07","guid":{"rendered":"https:\/\/rubi.com.py\/index.php\/producto\/silla-de-oficina-level-osaka-lvs-229\/"},"modified":"2026-04-17T18:17:38","modified_gmt":"2026-04-17T16:17:38","slug":"silla-de-oficina-level-osaka-lvs-229","status":"publish","type":"product","link":"https:\/\/rubi.com.py\/index.php\/producto\/silla-de-oficina-level-osaka-lvs-229\/","title":{"rendered":"SILLA DE OFICINA LEVEL OSAKA LVS-229"},"content":{"rendered":"<p>SILLA DE OFICINA LEVEL OSAKA LVS-229 Caracter\u00edsticas: -Respaldo de nailon con reposacabezas abatible -Respaldo de malla y asiento de espuma moldeada por inyecci\u00f3n -Soporte lumbar abatible -Reposabrazos 2D Change 302# -Mecanismo multifunci\u00f3n Change 209# -Elevador de gas de clase 3 -Base de nailon de 320 mm, ruedas de nailon de 60 mm -74 x 59 x 32, 1 unidad\/caja<\/p>\n","protected":false},"excerpt":{"rendered":"<p>SILLA DE OFICINA LEVEL OSAKA LVS-229<\/p>\n","protected":false},"featured_media":2923,"comment_status":"open","ping_status":"closed","template":"","meta":{"_et_pb_use_builder":"","_et_pb_old_content":"","_et_gb_content_width":""},"product_brand":[],"product_cat":[42],"product_tag":[],"class_list":{"0":"post-2922","1":"product","2":"type-product","3":"status-publish","4":"has-post-thumbnail","6":"product_cat-muebles","8":"first","9":"instock","10":"shipping-taxable","11":"purchasable","12":"product-type-simple"},"_links":{"self":[{"href":"https:\/\/rubi.com.py\/index.php\/wp-json\/wp\/v2\/product\/2922","targetHints":{"allow":["GET"]}}],"collection":[{"href":"https:\/\/rubi.com.py\/index.php\/wp-json\/wp\/v2\/product"}],"about":[{"href":"https:\/\/rubi.com.py\/index.php\/wp-json\/wp\/v2\/types\/product"}],"replies":[{"embeddable":true,"href":"https:\/\/rubi.com.py\/index.php\/wp-json\/wp\/v2\/comments?post=2922"}],"wp:featuredmedia":[{"embeddable":true,"href":"https:\/\/rubi.com.py\/index.php\/wp-json\/wp\/v2\/media\/2923"}],"wp:attachment":[{"href":"https:\/\/rubi.com.py\/index.php\/wp-json\/wp\/v2\/media?parent=2922"}],"wp:term":[{"taxonomy":"product_brand","embeddable":true,"href":"https:\/\/rubi.com.py\/index.php\/wp-json\/wp\/v2\/product_brand?post=2922"},{"taxonomy":"product_cat","embeddable":true,"href":"https:\/\/rubi.com.py\/index.php\/wp-json\/wp\/v2\/product_cat?post=2922"},{"taxonomy":"product_tag","embeddable":true,"href":"https:\/\/rubi.com.py\/index.php\/wp-json\/wp\/v2\/product_tag?post=2922"}],"curies":[{"name":"wp","href":"https:\/\/api.w.org\/{rel}","templated":true}]}}