{"id":2933,"date":"2026-04-17T18:20:58","date_gmt":"2026-04-17T16:20:58","guid":{"rendered":"https:\/\/rubi.com.py\/index.php\/producto\/monitor-kolke-led-19-5-kes-459\/"},"modified":"2026-04-17T18:20:58","modified_gmt":"2026-04-17T16:20:58","slug":"monitor-kolke-led-19-5-kes-459","status":"publish","type":"product","link":"https:\/\/rubi.com.py\/index.php\/producto\/monitor-kolke-led-19-5-kes-459\/","title":{"rendered":"MONITOR KOLKE LED 19.5 KES-459"},"content":{"rendered":"<p>MONITOR KOLKE LED 19.5 KES-459 Caracter\u00edsticas: -Tama\u00f1o: 19.5&#8243; (16:9). -Resoluci\u00f3n: 1366 x 768 \/ 60Hz. -Tiempo de respuesta: 5-8 ms. -Inclinaci\u00f3n: 5\u00b0 hacia adelante , 15\u00b0 hacia atr\u00e1s. -\u00c1ngulo de visi\u00f3n: H:90\u00b0, V: 65\u00b0. -Conexiones: VGA, HDMI, AC. -Incluye: Cable VGA, Cable de alimentaci\u00f3n.<\/p>\n","protected":false},"excerpt":{"rendered":"<p>MONITOR KOLKE LED 19.5 KES-459<\/p>\n","protected":false},"featured_media":2932,"comment_status":"open","ping_status":"closed","template":"","meta":{"_et_pb_use_builder":"","_et_pb_old_content":"","_et_gb_content_width":""},"product_brand":[],"product_cat":[46],"product_tag":[],"class_list":{"0":"post-2933","1":"product","2":"type-product","3":"status-publish","4":"has-post-thumbnail","6":"product_cat-tecnologia","8":"first","9":"instock","10":"shipping-taxable","11":"purchasable","12":"product-type-simple"},"_links":{"self":[{"href":"https:\/\/rubi.com.py\/index.php\/wp-json\/wp\/v2\/product\/2933","targetHints":{"allow":["GET"]}}],"collection":[{"href":"https:\/\/rubi.com.py\/index.php\/wp-json\/wp\/v2\/product"}],"about":[{"href":"https:\/\/rubi.com.py\/index.php\/wp-json\/wp\/v2\/types\/product"}],"replies":[{"embeddable":true,"href":"https:\/\/rubi.com.py\/index.php\/wp-json\/wp\/v2\/comments?post=2933"}],"wp:featuredmedia":[{"embeddable":true,"href":"https:\/\/rubi.com.py\/index.php\/wp-json\/wp\/v2\/media\/2932"}],"wp:attachment":[{"href":"https:\/\/rubi.com.py\/index.php\/wp-json\/wp\/v2\/media?parent=2933"}],"wp:term":[{"taxonomy":"product_brand","embeddable":true,"href":"https:\/\/rubi.com.py\/index.php\/wp-json\/wp\/v2\/product_brand?post=2933"},{"taxonomy":"product_cat","embeddable":true,"href":"https:\/\/rubi.com.py\/index.php\/wp-json\/wp\/v2\/product_cat?post=2933"},{"taxonomy":"product_tag","embeddable":true,"href":"https:\/\/rubi.com.py\/index.php\/wp-json\/wp\/v2\/product_tag?post=2933"}],"curies":[{"name":"wp","href":"https:\/\/api.w.org\/{rel}","templated":true}]}}