{"id":2937,"date":"2026-04-17T18:22:05","date_gmt":"2026-04-17T16:22:05","guid":{"rendered":"https:\/\/rubi.com.py\/index.php\/producto\/auricular-gamer-trooper-kga-487-luz-roja\/"},"modified":"2026-04-17T18:22:05","modified_gmt":"2026-04-17T16:22:05","slug":"auricular-gamer-trooper-kga-487-luz-roja","status":"publish","type":"product","link":"https:\/\/rubi.com.py\/index.php\/producto\/auricular-gamer-trooper-kga-487-luz-roja\/","title":{"rendered":"AURICULAR GAMER TROOPER KGA-487 LUZ ROJA"},"content":{"rendered":"<p>AURICULAR GAMER TROOPER KGA-487 LUZ ROJA Caracter\u00edsticas: -Con luces LED (verde, Roja o Azul) -Microfono incorporado -Control de volumen en el cable -Cancelaci\u00f3n de ruidos -Conexi\u00f3n: Aux 3.5mm + USB -Potencia: 100mW -Driver: 40mm -Cable de 1.6 mts<\/p>\n","protected":false},"excerpt":{"rendered":"<p>AURICULAR GAMER TROOPER KGA-487 LUZ ROJA<\/p>\n","protected":false},"featured_media":2936,"comment_status":"open","ping_status":"closed","template":"","meta":{"_et_pb_use_builder":"","_et_pb_old_content":"","_et_gb_content_width":""},"product_brand":[],"product_cat":[46],"product_tag":[],"class_list":{"0":"post-2937","1":"product","2":"type-product","3":"status-publish","4":"has-post-thumbnail","6":"product_cat-tecnologia","8":"first","9":"instock","10":"shipping-taxable","11":"purchasable","12":"product-type-simple"},"_links":{"self":[{"href":"https:\/\/rubi.com.py\/index.php\/wp-json\/wp\/v2\/product\/2937","targetHints":{"allow":["GET"]}}],"collection":[{"href":"https:\/\/rubi.com.py\/index.php\/wp-json\/wp\/v2\/product"}],"about":[{"href":"https:\/\/rubi.com.py\/index.php\/wp-json\/wp\/v2\/types\/product"}],"replies":[{"embeddable":true,"href":"https:\/\/rubi.com.py\/index.php\/wp-json\/wp\/v2\/comments?post=2937"}],"wp:featuredmedia":[{"embeddable":true,"href":"https:\/\/rubi.com.py\/index.php\/wp-json\/wp\/v2\/media\/2936"}],"wp:attachment":[{"href":"https:\/\/rubi.com.py\/index.php\/wp-json\/wp\/v2\/media?parent=2937"}],"wp:term":[{"taxonomy":"product_brand","embeddable":true,"href":"https:\/\/rubi.com.py\/index.php\/wp-json\/wp\/v2\/product_brand?post=2937"},{"taxonomy":"product_cat","embeddable":true,"href":"https:\/\/rubi.com.py\/index.php\/wp-json\/wp\/v2\/product_cat?post=2937"},{"taxonomy":"product_tag","embeddable":true,"href":"https:\/\/rubi.com.py\/index.php\/wp-json\/wp\/v2\/product_tag?post=2937"}],"curies":[{"name":"wp","href":"https:\/\/api.w.org\/{rel}","templated":true}]}}