{"id":2939,"date":"2026-04-17T18:22:42","date_gmt":"2026-04-17T16:22:42","guid":{"rendered":"https:\/\/rubi.com.py\/index.php\/producto\/auricular-gamer-perseo-kga-494\/"},"modified":"2026-04-17T18:22:42","modified_gmt":"2026-04-17T16:22:42","slug":"auricular-gamer-perseo-kga-494","status":"publish","type":"product","link":"https:\/\/rubi.com.py\/index.php\/producto\/auricular-gamer-perseo-kga-494\/","title":{"rendered":"AURICULAR GAMER PERSEO KGA-494"},"content":{"rendered":"<p>AURICULAR GAMER PERSEO KGA-494 Caracter\u00edsticas: -Sonido 5.1. -Conexi\u00f3n 3.5mm + USB. -Compatible con PC, PS3, PS4. -Luz LED multicolor. -Micr\u00f3fono flexible. -Doble vincha. -Cable plano de 2.2m.<\/p>\n","protected":false},"excerpt":{"rendered":"<p>AURICULAR GAMER PERSEO KGA-494<\/p>\n","protected":false},"featured_media":2938,"comment_status":"open","ping_status":"closed","template":"","meta":{"_et_pb_use_builder":"","_et_pb_old_content":"","_et_gb_content_width":""},"product_brand":[],"product_cat":[37,40,46],"product_tag":[],"class_list":{"0":"post-2939","1":"product","2":"type-product","3":"status-publish","4":"has-post-thumbnail","6":"product_cat-gaming","7":"product_cat-juguetes-y-juegos","8":"product_cat-tecnologia","10":"first","11":"instock","12":"shipping-taxable","13":"purchasable","14":"product-type-simple"},"_links":{"self":[{"href":"https:\/\/rubi.com.py\/index.php\/wp-json\/wp\/v2\/product\/2939","targetHints":{"allow":["GET"]}}],"collection":[{"href":"https:\/\/rubi.com.py\/index.php\/wp-json\/wp\/v2\/product"}],"about":[{"href":"https:\/\/rubi.com.py\/index.php\/wp-json\/wp\/v2\/types\/product"}],"replies":[{"embeddable":true,"href":"https:\/\/rubi.com.py\/index.php\/wp-json\/wp\/v2\/comments?post=2939"}],"wp:featuredmedia":[{"embeddable":true,"href":"https:\/\/rubi.com.py\/index.php\/wp-json\/wp\/v2\/media\/2938"}],"wp:attachment":[{"href":"https:\/\/rubi.com.py\/index.php\/wp-json\/wp\/v2\/media?parent=2939"}],"wp:term":[{"taxonomy":"product_brand","embeddable":true,"href":"https:\/\/rubi.com.py\/index.php\/wp-json\/wp\/v2\/product_brand?post=2939"},{"taxonomy":"product_cat","embeddable":true,"href":"https:\/\/rubi.com.py\/index.php\/wp-json\/wp\/v2\/product_cat?post=2939"},{"taxonomy":"product_tag","embeddable":true,"href":"https:\/\/rubi.com.py\/index.php\/wp-json\/wp\/v2\/product_tag?post=2939"}],"curies":[{"name":"wp","href":"https:\/\/api.w.org\/{rel}","templated":true}]}}