{"id":295,"date":"2025-09-09T16:34:49","date_gmt":"2025-09-09T14:34:49","guid":{"rendered":"https:\/\/rubi.com.py\/index.php\/producto\/horno-electrico-ariston-fa3540hixa-66l-inox-digital\/"},"modified":"2026-04-22T13:53:48","modified_gmt":"2026-04-22T11:53:48","slug":"horno-electrico-ariston-fa3540hixa-66l-inox-digital","status":"publish","type":"product","link":"https:\/\/rubi.com.py\/index.php\/producto\/horno-electrico-ariston-fa3540hixa-66l-inox-digital\/","title":{"rendered":"HORNO ELECTRICO ARISTON FA3540HIXA 66L INOX DIGITAL"},"content":{"rendered":"<p>* Tecnolog\u00eda Multiflow Diamond Clean Tecnolog\u00eda exclusiva que utiliza vapor para limpiar el horno sin necesidad de detergentes. * Grill el\u00e9ctrico &#8211; Luz autom\u00e1tica &#8211; Temporizador. * Eficiencia energ\u00e9tica A. * Rejillas Shelf-Stopper. * Panel LED + Perillas. * Capacidad 66 litros. * Puerta Soft Closing. MEDIDAS DEL PRODUCTO. * Altura 59,5 cm. * Ancho 59,5 cm. * Profundidad 55,1 cm. Im\u00e1genes meramente ilustrativas. Im\u00e1genes e informaci\u00f3n sujetas a cambios sin previo aviso. Detalles t\u00e9cnicos: \u2022 TENSION ELECTRICA: 220-240 VOLTIOS \u2022 FRECUENCIA ELECTRICA: 50\/60 HERTZ \u2022 POTENCIA: 2900 Watts \u2022 ANCHO: 63 CM \u2022 ALTO: 67 CM \u2022 LARGO: 66 CM \u2022 PESO: 26300 GR<\/p>\n","protected":false},"excerpt":{"rendered":"<p>* Tecnolog\u00eda Multiflow Diamond Clean Tecnolog\u00eda exclusiva que utiliza vapor para limpiar el horno sin necesidad de detergentes. * Grill el\u00e9ctrico &#8211; Luz autom\u00e1tica &#8211; Temporizador. * Eficiencia energ\u00e9tica A. * Rejillas Shelf-Stopper. * Panel LED + Perillas. * Capacidad 66 litros. * Puerta Soft Closing. MEDIDAS DEL PRODUCTO. * Altura 59,5 cm. * Ancho 59,5 cm. * Profundidad 55,1 cm. Im\u00e1genes meramente ilustrativas. Im\u00e1genes e informaci\u00f3n sujetas a cambios sin previo aviso.<\/p>\n","protected":false},"featured_media":4858,"comment_status":"open","ping_status":"closed","template":"","meta":{"_et_pb_use_builder":"","_et_pb_old_content":"","_et_gb_content_width":""},"product_brand":[],"product_cat":[33],"product_tag":[],"class_list":{"0":"post-295","1":"product","2":"type-product","3":"status-publish","4":"has-post-thumbnail","6":"product_cat-cocina-y-comedor","8":"first","9":"instock","10":"shipping-taxable","11":"purchasable","12":"product-type-simple"},"_links":{"self":[{"href":"https:\/\/rubi.com.py\/index.php\/wp-json\/wp\/v2\/product\/295","targetHints":{"allow":["GET"]}}],"collection":[{"href":"https:\/\/rubi.com.py\/index.php\/wp-json\/wp\/v2\/product"}],"about":[{"href":"https:\/\/rubi.com.py\/index.php\/wp-json\/wp\/v2\/types\/product"}],"replies":[{"embeddable":true,"href":"https:\/\/rubi.com.py\/index.php\/wp-json\/wp\/v2\/comments?post=295"}],"wp:featuredmedia":[{"embeddable":true,"href":"https:\/\/rubi.com.py\/index.php\/wp-json\/wp\/v2\/media\/4858"}],"wp:attachment":[{"href":"https:\/\/rubi.com.py\/index.php\/wp-json\/wp\/v2\/media?parent=295"}],"wp:term":[{"taxonomy":"product_brand","embeddable":true,"href":"https:\/\/rubi.com.py\/index.php\/wp-json\/wp\/v2\/product_brand?post=295"},{"taxonomy":"product_cat","embeddable":true,"href":"https:\/\/rubi.com.py\/index.php\/wp-json\/wp\/v2\/product_cat?post=295"},{"taxonomy":"product_tag","embeddable":true,"href":"https:\/\/rubi.com.py\/index.php\/wp-json\/wp\/v2\/product_tag?post=295"}],"curies":[{"name":"wp","href":"https:\/\/api.w.org\/{rel}","templated":true}]}}