{"id":306,"date":"2025-09-09T16:48:37","date_gmt":"2025-09-09T14:48:37","guid":{"rendered":"https:\/\/rubi.com.py\/index.php\/producto\/licuadora-arno-ln64-power-max-marfil-1400w-220v\/"},"modified":"2026-04-21T22:55:17","modified_gmt":"2026-04-21T20:55:17","slug":"licuadora-arno-ln64-power-max-marfil-1400w-220v","status":"publish","type":"product","link":"https:\/\/rubi.com.py\/index.php\/producto\/licuadora-arno-ln64-power-max-marfil-1400w-220v\/","title":{"rendered":"LICUADORA ARNO LN64 POWER MAX MARFIL 1400W-220V"},"content":{"rendered":"<p>* 1.75 capacidad \u00fatil. * 15 velocidades. * 1400 Watts. MEDIDAS DEL PRODUCTO. * Ancho 22.6 cm. * Altura 43 cm. * Profundidad 21.8 cm. Im\u00e1genes meramente ilustrativas. Im\u00e1genes e informaci\u00f3n sujetas a cambios sin previo aviso. Detalles t\u00e9cnicos: \u2022 ANCHO: 21 CM \u2022 ALTO: 33 CM \u2022 LARGO: 27,5 CM \u2022 PESO: 1 GR<\/p>\n","protected":false},"excerpt":{"rendered":"<p>* 1.75 capacidad \u00fatil. * 15 velocidades. * 1400 Watts. MEDIDAS DEL PRODUCTO. * Ancho 22.6 cm. * Altura 43 cm. * Profundidad 21.8 cm. Im\u00e1genes meramente ilustrativas. Im\u00e1genes e informaci\u00f3n sujetas a cambios sin previo aviso.<\/p>\n","protected":false},"featured_media":4794,"comment_status":"open","ping_status":"closed","template":"","meta":{"_et_pb_use_builder":"","_et_pb_old_content":"","_et_gb_content_width":""},"product_brand":[],"product_cat":[33],"product_tag":[],"class_list":{"0":"post-306","1":"product","2":"type-product","3":"status-publish","4":"has-post-thumbnail","6":"product_cat-cocina-y-comedor","8":"first","9":"instock","10":"shipping-taxable","11":"purchasable","12":"product-type-simple"},"_links":{"self":[{"href":"https:\/\/rubi.com.py\/index.php\/wp-json\/wp\/v2\/product\/306","targetHints":{"allow":["GET"]}}],"collection":[{"href":"https:\/\/rubi.com.py\/index.php\/wp-json\/wp\/v2\/product"}],"about":[{"href":"https:\/\/rubi.com.py\/index.php\/wp-json\/wp\/v2\/types\/product"}],"replies":[{"embeddable":true,"href":"https:\/\/rubi.com.py\/index.php\/wp-json\/wp\/v2\/comments?post=306"}],"wp:featuredmedia":[{"embeddable":true,"href":"https:\/\/rubi.com.py\/index.php\/wp-json\/wp\/v2\/media\/4794"}],"wp:attachment":[{"href":"https:\/\/rubi.com.py\/index.php\/wp-json\/wp\/v2\/media?parent=306"}],"wp:term":[{"taxonomy":"product_brand","embeddable":true,"href":"https:\/\/rubi.com.py\/index.php\/wp-json\/wp\/v2\/product_brand?post=306"},{"taxonomy":"product_cat","embeddable":true,"href":"https:\/\/rubi.com.py\/index.php\/wp-json\/wp\/v2\/product_cat?post=306"},{"taxonomy":"product_tag","embeddable":true,"href":"https:\/\/rubi.com.py\/index.php\/wp-json\/wp\/v2\/product_tag?post=306"}],"curies":[{"name":"wp","href":"https:\/\/api.w.org\/{rel}","templated":true}]}}