{"id":3099,"date":"2026-04-17T23:27:18","date_gmt":"2026-04-17T21:27:18","guid":{"rendered":"https:\/\/rubi.com.py\/index.php\/producto\/silla-tolix-level-con-respaldo-bc\/"},"modified":"2026-04-17T23:27:18","modified_gmt":"2026-04-17T21:27:18","slug":"silla-tolix-level-con-respaldo-bc","status":"publish","type":"product","link":"https:\/\/rubi.com.py\/index.php\/producto\/silla-tolix-level-con-respaldo-bc\/","title":{"rendered":"SILLA TOLIX LEVEL CON RESPALDO (BC)"},"content":{"rendered":"<p>SILLA TOLIX LEVEL CON RESPALDO (BC) Caracter\u00edsticas: -Silla de dise\u00f1o moderno. -Ideal para interiores. -Material: Metal Pintado -Terminaci\u00f3n: mate. -Estructura Reforzada con Ca\u00f1os Met\u00e1licos Cruzados -Soportan hasta 120 Kg<\/p>\n","protected":false},"excerpt":{"rendered":"<p>SILLA TOLIX LEVEL CON RESPALDO (BC)<\/p>\n","protected":false},"featured_media":0,"comment_status":"open","ping_status":"closed","template":"","meta":{"_et_pb_use_builder":"","_et_pb_old_content":"","_et_gb_content_width":""},"product_brand":[],"product_cat":[42],"product_tag":[],"class_list":{"0":"post-3099","1":"product","2":"type-product","3":"status-publish","5":"product_cat-muebles","7":"first","8":"instock","9":"shipping-taxable","10":"purchasable","11":"product-type-simple"},"_links":{"self":[{"href":"https:\/\/rubi.com.py\/index.php\/wp-json\/wp\/v2\/product\/3099","targetHints":{"allow":["GET"]}}],"collection":[{"href":"https:\/\/rubi.com.py\/index.php\/wp-json\/wp\/v2\/product"}],"about":[{"href":"https:\/\/rubi.com.py\/index.php\/wp-json\/wp\/v2\/types\/product"}],"replies":[{"embeddable":true,"href":"https:\/\/rubi.com.py\/index.php\/wp-json\/wp\/v2\/comments?post=3099"}],"wp:attachment":[{"href":"https:\/\/rubi.com.py\/index.php\/wp-json\/wp\/v2\/media?parent=3099"}],"wp:term":[{"taxonomy":"product_brand","embeddable":true,"href":"https:\/\/rubi.com.py\/index.php\/wp-json\/wp\/v2\/product_brand?post=3099"},{"taxonomy":"product_cat","embeddable":true,"href":"https:\/\/rubi.com.py\/index.php\/wp-json\/wp\/v2\/product_cat?post=3099"},{"taxonomy":"product_tag","embeddable":true,"href":"https:\/\/rubi.com.py\/index.php\/wp-json\/wp\/v2\/product_tag?post=3099"}],"curies":[{"name":"wp","href":"https:\/\/api.w.org\/{rel}","templated":true}]}}