{"id":3101,"date":"2026-04-17T23:30:09","date_gmt":"2026-04-17T21:30:09","guid":{"rendered":"https:\/\/rubi.com.py\/index.php\/producto\/butaca-tolix-level-con-respaldo-ng\/"},"modified":"2026-04-17T23:30:56","modified_gmt":"2026-04-17T21:30:56","slug":"butaca-tolix-level-con-respaldo-ng","status":"publish","type":"product","link":"https:\/\/rubi.com.py\/index.php\/producto\/butaca-tolix-level-con-respaldo-ng\/","title":{"rendered":"BUTACA TOLIX LEVEL CON RESPALDO (NG)"},"content":{"rendered":"<p>BUTACA TOLIX LEVEL CON RESPALDO (NG) Caracter\u00edsticas: -Butaca de dise\u00f1o moderno e industrial. -Ideal para multiples ambientes. -Apilables. -Material: Metal. -Terminaci\u00f3n: negro\/mate<\/p>\n","protected":false},"excerpt":{"rendered":"<p>BUTACA TOLIX LEVEL CON RESPALDO (NG)<\/p>\n","protected":false},"featured_media":0,"comment_status":"open","ping_status":"closed","template":"","meta":{"_et_pb_use_builder":"","_et_pb_old_content":"","_et_gb_content_width":""},"product_brand":[],"product_cat":[42],"product_tag":[],"class_list":{"0":"post-3101","1":"product","2":"type-product","3":"status-publish","5":"product_cat-muebles","7":"first","8":"instock","9":"shipping-taxable","10":"purchasable","11":"product-type-simple"},"_links":{"self":[{"href":"https:\/\/rubi.com.py\/index.php\/wp-json\/wp\/v2\/product\/3101","targetHints":{"allow":["GET"]}}],"collection":[{"href":"https:\/\/rubi.com.py\/index.php\/wp-json\/wp\/v2\/product"}],"about":[{"href":"https:\/\/rubi.com.py\/index.php\/wp-json\/wp\/v2\/types\/product"}],"replies":[{"embeddable":true,"href":"https:\/\/rubi.com.py\/index.php\/wp-json\/wp\/v2\/comments?post=3101"}],"wp:attachment":[{"href":"https:\/\/rubi.com.py\/index.php\/wp-json\/wp\/v2\/media?parent=3101"}],"wp:term":[{"taxonomy":"product_brand","embeddable":true,"href":"https:\/\/rubi.com.py\/index.php\/wp-json\/wp\/v2\/product_brand?post=3101"},{"taxonomy":"product_cat","embeddable":true,"href":"https:\/\/rubi.com.py\/index.php\/wp-json\/wp\/v2\/product_cat?post=3101"},{"taxonomy":"product_tag","embeddable":true,"href":"https:\/\/rubi.com.py\/index.php\/wp-json\/wp\/v2\/product_tag?post=3101"}],"curies":[{"name":"wp","href":"https:\/\/api.w.org\/{rel}","templated":true}]}}