{"id":3107,"date":"2026-04-17T23:42:39","date_gmt":"2026-04-17T21:42:39","guid":{"rendered":"https:\/\/rubi.com.py\/index.php\/producto\/silla-de-oficina-mesh-giratoria-base-cromada-level-bc\/"},"modified":"2026-04-17T23:42:39","modified_gmt":"2026-04-17T21:42:39","slug":"silla-de-oficina-mesh-giratoria-base-cromada-level-bc","status":"publish","type":"product","link":"https:\/\/rubi.com.py\/index.php\/producto\/silla-de-oficina-mesh-giratoria-base-cromada-level-bc\/","title":{"rendered":"SILLA DE OFICINA MESH GIRATORIA BASE CROMADA LEVEL (BC)"},"content":{"rendered":"<p>SILLA DE OFICINA MESH GIRATORIA BASE CROMADA LEVEL (BC) Caracter\u00edsticas: -Respaldo tela mesh. -Regulaci\u00f3n de altura mediante elevador de gas. -Altura ajustable. -Tela microperforada. -Ruedas giratorias con funci\u00f3n de giro 360\u00b0 -Soporte lumbar. -Soporte m\u00e1x.. de peso: 90kg.<\/p>\n","protected":false},"excerpt":{"rendered":"<p>SILLA DE OFICINA MESH GIRATORIA BASE CROMADA LEVEL (BC)<\/p>\n","protected":false},"featured_media":0,"comment_status":"open","ping_status":"closed","template":"","meta":{"_et_pb_use_builder":"","_et_pb_old_content":"","_et_gb_content_width":""},"product_brand":[],"product_cat":[42],"product_tag":[],"class_list":{"0":"post-3107","1":"product","2":"type-product","3":"status-publish","5":"product_cat-muebles","7":"first","8":"instock","9":"shipping-taxable","10":"purchasable","11":"product-type-simple"},"_links":{"self":[{"href":"https:\/\/rubi.com.py\/index.php\/wp-json\/wp\/v2\/product\/3107","targetHints":{"allow":["GET"]}}],"collection":[{"href":"https:\/\/rubi.com.py\/index.php\/wp-json\/wp\/v2\/product"}],"about":[{"href":"https:\/\/rubi.com.py\/index.php\/wp-json\/wp\/v2\/types\/product"}],"replies":[{"embeddable":true,"href":"https:\/\/rubi.com.py\/index.php\/wp-json\/wp\/v2\/comments?post=3107"}],"wp:attachment":[{"href":"https:\/\/rubi.com.py\/index.php\/wp-json\/wp\/v2\/media?parent=3107"}],"wp:term":[{"taxonomy":"product_brand","embeddable":true,"href":"https:\/\/rubi.com.py\/index.php\/wp-json\/wp\/v2\/product_brand?post=3107"},{"taxonomy":"product_cat","embeddable":true,"href":"https:\/\/rubi.com.py\/index.php\/wp-json\/wp\/v2\/product_cat?post=3107"},{"taxonomy":"product_tag","embeddable":true,"href":"https:\/\/rubi.com.py\/index.php\/wp-json\/wp\/v2\/product_tag?post=3107"}],"curies":[{"name":"wp","href":"https:\/\/api.w.org\/{rel}","templated":true}]}}