{"id":311,"date":"2025-09-09T17:19:16","date_gmt":"2025-09-09T15:19:16","guid":{"rendered":"https:\/\/rubi.com.py\/index.php\/producto\/plancha-jam-a-vapor-vertical-my-gj15b3w\/"},"modified":"2026-04-23T01:44:21","modified_gmt":"2026-04-22T23:44:21","slug":"plancha-jam-a-vapor-vertical-my-gj15b3w","status":"publish","type":"product","link":"https:\/\/rubi.com.py\/index.php\/producto\/plancha-jam-a-vapor-vertical-my-gj15b3w\/","title":{"rendered":"PLANCHA JAM A VAPOR VERTICAL MY-GJ15B3W"},"content":{"rendered":"","protected":false},"excerpt":{"rendered":"<p>PLANCHA JAM A VAPOR VERTICAL MY-GJ15B3W<\/p>\n<p style=\"margin-top: 0px;margin-bottom: 1rem;color: #1f1106;font-family: Montserrat, HelveticaNeue-Light, 'Helvetica Neue Light', 'Helvetica Neue', Helvetica, Arial, 'Lucida Grande', sans-serif;font-size: 14px;letter-spacing: -0.14px;background-color: #ffffff\">Si eres de los que innovan, apuesta por lo \u00faltimo en planchado vertical. Es una de las maneras m\u00e1s r\u00e1pidas, c\u00f3modas y eficaces de alisar tus prendas. Elimina las arrugas f\u00e1cilmente de cualquier tipo de tela, incluso de las m\u00e1s delicadas. Perfecto para los retoques de \u00faltima hora y tambi\u00e9n para el uso diario.<\/p>\n<p style=\"margin-top: 0px;margin-bottom: 1rem;color: #1f1106;font-family: Montserrat, HelveticaNeue-Light, 'Helvetica Neue Light', 'Helvetica Neue', Helvetica, Arial, 'Lucida Grande', sans-serif;font-size: 14px;letter-spacing: -0.14px;background-color: #ffffff\">\u00a0<\/p>\n<p style=\"margin-top: 0px;margin-bottom: 1rem;color: #1f1106;font-family: Montserrat, HelveticaNeue-Light, 'Helvetica Neue Light', 'Helvetica Neue', Helvetica, Arial, 'Lucida Grande', sans-serif;font-size: 14px;letter-spacing: -0.14px;background-color: #ffffff\"><span style=\"font-weight: bold\"><big>Especificaciones<\/big><\/span><\/p>\n<ul style=\"margin-top: 0px;margin-bottom: 1rem;color: #1f1106;font-family: Montserrat, HelveticaNeue-Light, 'Helvetica Neue Light', 'Helvetica Neue', Helvetica, Arial, 'Lucida Grande', sans-serif;font-size: 14px;letter-spacing: -0.14px;background-color: #ffffff\">\n<li><big>Potencia: 1500W a 1780W<\/big><\/li>\n<li><big>Tanque de agua: 1.5Lts.<\/big><\/li>\n<li><big>Consumo 25ml por minuto.<\/big><\/li>\n<li><big>Con rueditas<\/big><\/li>\n<li><big>3 niveles de vapor.<\/big><\/li>\n<li><big>Pedestal ajustable y giratorio 360 \u00b0<\/big><\/li>\n<li><big>Temperatura m\u00e1xima: 85 \u00b0 C.<\/big><\/li>\n<li><big>Accesorios: 1 percha, guante t\u00e9rmico, pinza para marcar pantalones y cepillo para quitar pelusas.<\/big><\/li>\n<li><big>S\u00f3lo es utilizado con agua.<\/big><\/li>\n<li><big>1 a\u00f1o de Garant\u00eda<\/big>\n<p><span style=\"font-weight: bold\"><big>Dimensiones del producto.<\/big><\/span><\/li>\n<li><big>Alto: 1,60cm.<\/big><\/li>\n<li><big>Base: Largo: 29cm x Ancho: 24cm<\/big>.<\/li>\n<\/ul>\n<p style=\"margin-top: 0px;margin-bottom: 1rem;color: #1f1106;font-family: Montserrat, HelveticaNeue-Light, 'Helvetica Neue Light', 'Helvetica Neue', Helvetica, Arial, 'Lucida Grande', sans-serif;font-size: 14px;letter-spacing: -0.14px;background-color: #ffffff\"><span style=\"font-weight: bold\">Recomendaci\u00f3n:<\/span><\/p>\n<p>Se recomienda el uso de agua purificada o agua filtrada, lo que hace que el vaporizador de ropa sea m\u00e1s duradero. Evite la contaminaci\u00f3n de la ropa por las impurezas en el agua despu\u00e9s de un uso prolongado.<br \/><span style=\"font-weight: bold\">Cuidado:<\/span>\u00a0El aparato debe usarse en un ambiente con una temperatura de entre 10-40\u00b0 C y una humedad relativa de menos del 90%.<\/p>\n<p><span style=\"font-weight: bold\">Advertencia:<\/span><\/p>\n<p>Nunca coloque perfume, vinagre, detergentes u otros productos qu\u00edmicos en el tanque de agua. De lo contrario, manchar\u00e1n la ropa y da\u00f1ar\u00e1n el vaporizador de ropa.<\/p>\n","protected":false},"featured_media":5188,"comment_status":"open","ping_status":"closed","template":"","meta":{"_et_pb_use_builder":"","_et_pb_old_content":"","_et_gb_content_width":""},"product_brand":[],"product_cat":[41],"product_tag":[],"class_list":{"0":"post-311","1":"product","2":"type-product","3":"status-publish","4":"has-post-thumbnail","6":"product_cat-lavado-y-cuidado-de-prendas","8":"first","9":"instock","10":"shipping-taxable","11":"purchasable","12":"product-type-simple"},"_links":{"self":[{"href":"https:\/\/rubi.com.py\/index.php\/wp-json\/wp\/v2\/product\/311","targetHints":{"allow":["GET"]}}],"collection":[{"href":"https:\/\/rubi.com.py\/index.php\/wp-json\/wp\/v2\/product"}],"about":[{"href":"https:\/\/rubi.com.py\/index.php\/wp-json\/wp\/v2\/types\/product"}],"replies":[{"embeddable":true,"href":"https:\/\/rubi.com.py\/index.php\/wp-json\/wp\/v2\/comments?post=311"}],"wp:featuredmedia":[{"embeddable":true,"href":"https:\/\/rubi.com.py\/index.php\/wp-json\/wp\/v2\/media\/5188"}],"wp:attachment":[{"href":"https:\/\/rubi.com.py\/index.php\/wp-json\/wp\/v2\/media?parent=311"}],"wp:term":[{"taxonomy":"product_brand","embeddable":true,"href":"https:\/\/rubi.com.py\/index.php\/wp-json\/wp\/v2\/product_brand?post=311"},{"taxonomy":"product_cat","embeddable":true,"href":"https:\/\/rubi.com.py\/index.php\/wp-json\/wp\/v2\/product_cat?post=311"},{"taxonomy":"product_tag","embeddable":true,"href":"https:\/\/rubi.com.py\/index.php\/wp-json\/wp\/v2\/product_tag?post=311"}],"curies":[{"name":"wp","href":"https:\/\/api.w.org\/{rel}","templated":true}]}}