{"id":3114,"date":"2026-04-17T23:47:27","date_gmt":"2026-04-17T21:47:27","guid":{"rendered":"https:\/\/rubi.com.py\/index.php\/producto\/cuasi-a-bateria-blazer-lvr-240\/"},"modified":"2026-04-17T23:47:27","modified_gmt":"2026-04-17T21:47:27","slug":"cuasi-a-bateria-blazer-lvr-240","status":"publish","type":"product","link":"https:\/\/rubi.com.py\/index.php\/producto\/cuasi-a-bateria-blazer-lvr-240\/","title":{"rendered":"CUASI A BATERIA BLAZER LVR-240"},"content":{"rendered":"<p>CUASI A BATERIA BLAZER LVR-240 Caracter\u00edsticas: AUTITO PARA NI\u00d1OS A BATERIA -Altura: 35,97 cm Ancho: 71,02 cm 1 Bater\u00eda de 12 V 4,5 AH, tracci\u00f3n dual 380*2, avance y retroceso, fuente de alimentaci\u00f3n 0\/1, puerto USB. Interruptor de luz, pantalla de energ\u00eda, luz LED y control remoto Soporta hasta 50kg<\/p>\n","protected":false},"excerpt":{"rendered":"<p>CUASI A BATERIA BLAZER LVR-240<\/p>\n","protected":false},"featured_media":0,"comment_status":"open","ping_status":"closed","template":"","meta":{"_et_pb_use_builder":"","_et_pb_old_content":"","_et_gb_content_width":""},"product_brand":[],"product_cat":[40],"product_tag":[],"class_list":{"0":"post-3114","1":"product","2":"type-product","3":"status-publish","5":"product_cat-juguetes-y-juegos","7":"first","8":"instock","9":"shipping-taxable","10":"purchasable","11":"product-type-simple"},"_links":{"self":[{"href":"https:\/\/rubi.com.py\/index.php\/wp-json\/wp\/v2\/product\/3114","targetHints":{"allow":["GET"]}}],"collection":[{"href":"https:\/\/rubi.com.py\/index.php\/wp-json\/wp\/v2\/product"}],"about":[{"href":"https:\/\/rubi.com.py\/index.php\/wp-json\/wp\/v2\/types\/product"}],"replies":[{"embeddable":true,"href":"https:\/\/rubi.com.py\/index.php\/wp-json\/wp\/v2\/comments?post=3114"}],"wp:attachment":[{"href":"https:\/\/rubi.com.py\/index.php\/wp-json\/wp\/v2\/media?parent=3114"}],"wp:term":[{"taxonomy":"product_brand","embeddable":true,"href":"https:\/\/rubi.com.py\/index.php\/wp-json\/wp\/v2\/product_brand?post=3114"},{"taxonomy":"product_cat","embeddable":true,"href":"https:\/\/rubi.com.py\/index.php\/wp-json\/wp\/v2\/product_cat?post=3114"},{"taxonomy":"product_tag","embeddable":true,"href":"https:\/\/rubi.com.py\/index.php\/wp-json\/wp\/v2\/product_tag?post=3114"}],"curies":[{"name":"wp","href":"https:\/\/api.w.org\/{rel}","templated":true}]}}