{"id":3128,"date":"2026-04-17T23:51:55","date_gmt":"2026-04-17T21:51:55","guid":{"rendered":"https:\/\/rubi.com.py\/index.php\/producto\/silla-oficina-level-mesh-3045-negra\/"},"modified":"2026-04-17T23:51:55","modified_gmt":"2026-04-17T21:51:55","slug":"silla-oficina-level-mesh-3045-negra","status":"publish","type":"product","link":"https:\/\/rubi.com.py\/index.php\/producto\/silla-oficina-level-mesh-3045-negra\/","title":{"rendered":"SILLA OFICINA LEVEL MESH 3045 NEGRA"},"content":{"rendered":"<p>SILLA OFICINA LEVEL MESH 3045 NEGRA Caracter\u00edsticas: -Dise\u00f1o ergon\u00f3mico. -Respaldo alto con soporte lumbar y apoyacabeza regulable. -Apoyabrazos. -Regulaci\u00f3n de altura a gas. -Tela mesh. -Soporta hasta 120kg.<\/p>\n","protected":false},"excerpt":{"rendered":"<p>SILLA OFICINA LEVEL MESH 3045 NEGRA<\/p>\n","protected":false},"featured_media":0,"comment_status":"open","ping_status":"closed","template":"","meta":{"_et_pb_use_builder":"","_et_pb_old_content":"","_et_gb_content_width":""},"product_brand":[],"product_cat":[42],"product_tag":[],"class_list":{"0":"post-3128","1":"product","2":"type-product","3":"status-publish","5":"product_cat-muebles","7":"first","8":"instock","9":"shipping-taxable","10":"purchasable","11":"product-type-simple"},"_links":{"self":[{"href":"https:\/\/rubi.com.py\/index.php\/wp-json\/wp\/v2\/product\/3128","targetHints":{"allow":["GET"]}}],"collection":[{"href":"https:\/\/rubi.com.py\/index.php\/wp-json\/wp\/v2\/product"}],"about":[{"href":"https:\/\/rubi.com.py\/index.php\/wp-json\/wp\/v2\/types\/product"}],"replies":[{"embeddable":true,"href":"https:\/\/rubi.com.py\/index.php\/wp-json\/wp\/v2\/comments?post=3128"}],"wp:attachment":[{"href":"https:\/\/rubi.com.py\/index.php\/wp-json\/wp\/v2\/media?parent=3128"}],"wp:term":[{"taxonomy":"product_brand","embeddable":true,"href":"https:\/\/rubi.com.py\/index.php\/wp-json\/wp\/v2\/product_brand?post=3128"},{"taxonomy":"product_cat","embeddable":true,"href":"https:\/\/rubi.com.py\/index.php\/wp-json\/wp\/v2\/product_cat?post=3128"},{"taxonomy":"product_tag","embeddable":true,"href":"https:\/\/rubi.com.py\/index.php\/wp-json\/wp\/v2\/product_tag?post=3128"}],"curies":[{"name":"wp","href":"https:\/\/api.w.org\/{rel}","templated":true}]}}