{"id":3135,"date":"2026-04-17T23:54:39","date_gmt":"2026-04-17T21:54:39","guid":{"rendered":"https:\/\/rubi.com.py\/index.php\/producto\/toldo-plegable-3x3-rojo-c-proteccion-uv\/"},"modified":"2026-04-17T23:54:39","modified_gmt":"2026-04-17T21:54:39","slug":"toldo-plegable-3x3-rojo-c-proteccion-uv","status":"publish","type":"product","link":"https:\/\/rubi.com.py\/index.php\/producto\/toldo-plegable-3x3-rojo-c-proteccion-uv\/","title":{"rendered":"TOLDO PLEGABLE 3X3 ROJO C\/ PROTECCION UV"},"content":{"rendered":"<p>TOLDO PLEGABLE 3X3 ROJO C\/ PROTECCION UV Caracter\u00edsticas: -Ofrece un tama\u00f1o de techo e instalaci\u00f3n de 3 x 3 mts y altura ajustable -Material de estructura: Hierro -Material de lona: Poliester -Proteccion UV -Peso: 14 Kg<\/p>\n","protected":false},"excerpt":{"rendered":"<p>TOLDO PLEGABLE 3X3 ROJO C\/ PROTECCION UV<\/p>\n","protected":false},"featured_media":0,"comment_status":"open","ping_status":"closed","template":"","meta":{"_et_pb_use_builder":"","_et_pb_old_content":"","_et_gb_content_width":""},"product_brand":[],"product_cat":[30],"product_tag":[],"class_list":{"0":"post-3135","1":"product","2":"type-product","3":"status-publish","5":"product_cat-actividades-al-aire-libre","7":"first","8":"instock","9":"shipping-taxable","10":"purchasable","11":"product-type-simple"},"_links":{"self":[{"href":"https:\/\/rubi.com.py\/index.php\/wp-json\/wp\/v2\/product\/3135","targetHints":{"allow":["GET"]}}],"collection":[{"href":"https:\/\/rubi.com.py\/index.php\/wp-json\/wp\/v2\/product"}],"about":[{"href":"https:\/\/rubi.com.py\/index.php\/wp-json\/wp\/v2\/types\/product"}],"replies":[{"embeddable":true,"href":"https:\/\/rubi.com.py\/index.php\/wp-json\/wp\/v2\/comments?post=3135"}],"wp:attachment":[{"href":"https:\/\/rubi.com.py\/index.php\/wp-json\/wp\/v2\/media?parent=3135"}],"wp:term":[{"taxonomy":"product_brand","embeddable":true,"href":"https:\/\/rubi.com.py\/index.php\/wp-json\/wp\/v2\/product_brand?post=3135"},{"taxonomy":"product_cat","embeddable":true,"href":"https:\/\/rubi.com.py\/index.php\/wp-json\/wp\/v2\/product_cat?post=3135"},{"taxonomy":"product_tag","embeddable":true,"href":"https:\/\/rubi.com.py\/index.php\/wp-json\/wp\/v2\/product_tag?post=3135"}],"curies":[{"name":"wp","href":"https:\/\/api.w.org\/{rel}","templated":true}]}}