{"id":3137,"date":"2026-04-17T23:55:17","date_gmt":"2026-04-17T21:55:17","guid":{"rendered":"https:\/\/rubi.com.py\/index.php\/producto\/camioneta-a-bateria-silux-lvr-235\/"},"modified":"2026-04-17T23:55:17","modified_gmt":"2026-04-17T21:55:17","slug":"camioneta-a-bateria-silux-lvr-235","status":"publish","type":"product","link":"https:\/\/rubi.com.py\/index.php\/producto\/camioneta-a-bateria-silux-lvr-235\/","title":{"rendered":"CAMIONETA A BATERIA SILUX LVR-235"},"content":{"rendered":"<p>CAMIONETA A BATERIA SILUX LVR-235 Caracter\u00edsticas: -Ancho: 70,10 cm Altura: 36,58 cm -2 Bater\u00edas de 12 V 4 x 2, controladores duales de 380 x 2, giro delantero y trasero, puerto USB, luces LED y m\u00fasica, control remoto, control de volumen, amortiguadores en las cuatro ruedas -Soporta hasta 30kg -Color Azul<\/p>\n","protected":false},"excerpt":{"rendered":"<p>CAMIONETA A BATERIA SILUX LVR-235<\/p>\n","protected":false},"featured_media":0,"comment_status":"open","ping_status":"closed","template":"","meta":{"_et_pb_use_builder":"","_et_pb_old_content":"","_et_gb_content_width":""},"product_brand":[],"product_cat":[40],"product_tag":[],"class_list":{"0":"post-3137","1":"product","2":"type-product","3":"status-publish","5":"product_cat-juguetes-y-juegos","7":"first","8":"instock","9":"shipping-taxable","10":"purchasable","11":"product-type-simple"},"_links":{"self":[{"href":"https:\/\/rubi.com.py\/index.php\/wp-json\/wp\/v2\/product\/3137","targetHints":{"allow":["GET"]}}],"collection":[{"href":"https:\/\/rubi.com.py\/index.php\/wp-json\/wp\/v2\/product"}],"about":[{"href":"https:\/\/rubi.com.py\/index.php\/wp-json\/wp\/v2\/types\/product"}],"replies":[{"embeddable":true,"href":"https:\/\/rubi.com.py\/index.php\/wp-json\/wp\/v2\/comments?post=3137"}],"wp:attachment":[{"href":"https:\/\/rubi.com.py\/index.php\/wp-json\/wp\/v2\/media?parent=3137"}],"wp:term":[{"taxonomy":"product_brand","embeddable":true,"href":"https:\/\/rubi.com.py\/index.php\/wp-json\/wp\/v2\/product_brand?post=3137"},{"taxonomy":"product_cat","embeddable":true,"href":"https:\/\/rubi.com.py\/index.php\/wp-json\/wp\/v2\/product_cat?post=3137"},{"taxonomy":"product_tag","embeddable":true,"href":"https:\/\/rubi.com.py\/index.php\/wp-json\/wp\/v2\/product_tag?post=3137"}],"curies":[{"name":"wp","href":"https:\/\/api.w.org\/{rel}","templated":true}]}}