{"id":3145,"date":"2026-04-17T23:58:08","date_gmt":"2026-04-17T21:58:08","guid":{"rendered":"https:\/\/rubi.com.py\/index.php\/producto\/cuasi-a-bateria-level-safari\/"},"modified":"2026-04-17T23:58:08","modified_gmt":"2026-04-17T21:58:08","slug":"cuasi-a-bateria-level-safari","status":"publish","type":"product","link":"https:\/\/rubi.com.py\/index.php\/producto\/cuasi-a-bateria-level-safari\/","title":{"rendered":"CUASI A BATERIA LEVEL SAFARI"},"content":{"rendered":"<p>CUASI A BATERIA LEVEL SAFARI Caracter\u00edsticas: -Edad adecuada de 3~5 a\u00f1os -Capacidad m\u00e1x: 30 kg -Bater\u00eda recargable: 6V 4ah -Tiempo de carga: 8-12horas -Medidas: 70x42x40cm -Con m\u00fasica y luces<\/p>\n","protected":false},"excerpt":{"rendered":"<p>CUASI A BATERIA LEVEL SAFARI<\/p>\n","protected":false},"featured_media":3144,"comment_status":"open","ping_status":"closed","template":"","meta":{"_et_pb_use_builder":"","_et_pb_old_content":"","_et_gb_content_width":""},"product_brand":[],"product_cat":[40],"product_tag":[],"class_list":{"0":"post-3145","1":"product","2":"type-product","3":"status-publish","4":"has-post-thumbnail","6":"product_cat-juguetes-y-juegos","8":"first","9":"instock","10":"shipping-taxable","11":"purchasable","12":"product-type-simple"},"_links":{"self":[{"href":"https:\/\/rubi.com.py\/index.php\/wp-json\/wp\/v2\/product\/3145","targetHints":{"allow":["GET"]}}],"collection":[{"href":"https:\/\/rubi.com.py\/index.php\/wp-json\/wp\/v2\/product"}],"about":[{"href":"https:\/\/rubi.com.py\/index.php\/wp-json\/wp\/v2\/types\/product"}],"replies":[{"embeddable":true,"href":"https:\/\/rubi.com.py\/index.php\/wp-json\/wp\/v2\/comments?post=3145"}],"wp:featuredmedia":[{"embeddable":true,"href":"https:\/\/rubi.com.py\/index.php\/wp-json\/wp\/v2\/media\/3144"}],"wp:attachment":[{"href":"https:\/\/rubi.com.py\/index.php\/wp-json\/wp\/v2\/media?parent=3145"}],"wp:term":[{"taxonomy":"product_brand","embeddable":true,"href":"https:\/\/rubi.com.py\/index.php\/wp-json\/wp\/v2\/product_brand?post=3145"},{"taxonomy":"product_cat","embeddable":true,"href":"https:\/\/rubi.com.py\/index.php\/wp-json\/wp\/v2\/product_cat?post=3145"},{"taxonomy":"product_tag","embeddable":true,"href":"https:\/\/rubi.com.py\/index.php\/wp-json\/wp\/v2\/product_tag?post=3145"}],"curies":[{"name":"wp","href":"https:\/\/api.w.org\/{rel}","templated":true}]}}