{"id":3158,"date":"2026-04-18T00:01:04","date_gmt":"2026-04-17T22:01:04","guid":{"rendered":"https:\/\/rubi.com.py\/index.php\/producto\/toldo-plegable-3x3-level-azul\/"},"modified":"2026-04-18T00:01:04","modified_gmt":"2026-04-17T22:01:04","slug":"toldo-plegable-3x3-level-azul","status":"publish","type":"product","link":"https:\/\/rubi.com.py\/index.php\/producto\/toldo-plegable-3x3-level-azul\/","title":{"rendered":"TOLDO PLEGABLE 3X3 LEVEL AZUL"},"content":{"rendered":"<p>TOLDO PLEGABLE 3X3 LEVEL AZUL Caracter\u00edsticas: \u00ab-Ofrece un tama\u00f1o de techo e instalaci\u00f3n de 3 x 3 mts y altura -ajustable -Material de estructura: Hierro -Material de lona: Poli\u00e9ster -Peso: 14 kg\u00bb<\/p>\n","protected":false},"excerpt":{"rendered":"<p>TOLDO PLEGABLE 3X3 LEVEL AZUL<\/p>\n","protected":false},"featured_media":3157,"comment_status":"open","ping_status":"closed","template":"","meta":{"_et_pb_use_builder":"","_et_pb_old_content":"","_et_gb_content_width":""},"product_brand":[],"product_cat":[30],"product_tag":[],"class_list":{"0":"post-3158","1":"product","2":"type-product","3":"status-publish","4":"has-post-thumbnail","6":"product_cat-actividades-al-aire-libre","8":"first","9":"instock","10":"shipping-taxable","11":"purchasable","12":"product-type-simple"},"_links":{"self":[{"href":"https:\/\/rubi.com.py\/index.php\/wp-json\/wp\/v2\/product\/3158","targetHints":{"allow":["GET"]}}],"collection":[{"href":"https:\/\/rubi.com.py\/index.php\/wp-json\/wp\/v2\/product"}],"about":[{"href":"https:\/\/rubi.com.py\/index.php\/wp-json\/wp\/v2\/types\/product"}],"replies":[{"embeddable":true,"href":"https:\/\/rubi.com.py\/index.php\/wp-json\/wp\/v2\/comments?post=3158"}],"wp:featuredmedia":[{"embeddable":true,"href":"https:\/\/rubi.com.py\/index.php\/wp-json\/wp\/v2\/media\/3157"}],"wp:attachment":[{"href":"https:\/\/rubi.com.py\/index.php\/wp-json\/wp\/v2\/media?parent=3158"}],"wp:term":[{"taxonomy":"product_brand","embeddable":true,"href":"https:\/\/rubi.com.py\/index.php\/wp-json\/wp\/v2\/product_brand?post=3158"},{"taxonomy":"product_cat","embeddable":true,"href":"https:\/\/rubi.com.py\/index.php\/wp-json\/wp\/v2\/product_cat?post=3158"},{"taxonomy":"product_tag","embeddable":true,"href":"https:\/\/rubi.com.py\/index.php\/wp-json\/wp\/v2\/product_tag?post=3158"}],"curies":[{"name":"wp","href":"https:\/\/api.w.org\/{rel}","templated":true}]}}