{"id":3172,"date":"2026-04-18T00:05:45","date_gmt":"2026-04-17T22:05:45","guid":{"rendered":"https:\/\/rubi.com.py\/index.php\/producto\/robot-de-piscina-inalambrica-level\/"},"modified":"2026-04-18T00:05:45","modified_gmt":"2026-04-17T22:05:45","slug":"robot-de-piscina-inalambrica-level","status":"publish","type":"product","link":"https:\/\/rubi.com.py\/index.php\/producto\/robot-de-piscina-inalambrica-level\/","title":{"rendered":"ROBOT DE PISCINA INALAMBRICA LEVEL"},"content":{"rendered":"<p>ROBOT DE PISCINA INALAMBRICA LEVEL Caracter\u00edsticas: \u00ab-Medidas de la piscina limpia: 78.9 m cuadrados piscina plana -Tensi\u00f3n de funcionamiento: 11,1V\u00b4 -Tipo de bater\u00eda: Bater\u00eda de Litio -Tiempo m\u00e1x. de limpieza: 90 min -Grado de protecci\u00f3n IP: IPX8 Resistente al agua\u00bb<\/p>\n","protected":false},"excerpt":{"rendered":"<p>ROBOT DE PISCINA INALAMBRICA LEVEL<\/p>\n","protected":false},"featured_media":3171,"comment_status":"open","ping_status":"closed","template":"","meta":{"_et_pb_use_builder":"","_et_pb_old_content":"","_et_gb_content_width":""},"product_brand":[],"product_cat":[46],"product_tag":[],"class_list":{"0":"post-3172","1":"product","2":"type-product","3":"status-publish","4":"has-post-thumbnail","6":"product_cat-tecnologia","8":"first","9":"instock","10":"shipping-taxable","11":"purchasable","12":"product-type-simple"},"_links":{"self":[{"href":"https:\/\/rubi.com.py\/index.php\/wp-json\/wp\/v2\/product\/3172","targetHints":{"allow":["GET"]}}],"collection":[{"href":"https:\/\/rubi.com.py\/index.php\/wp-json\/wp\/v2\/product"}],"about":[{"href":"https:\/\/rubi.com.py\/index.php\/wp-json\/wp\/v2\/types\/product"}],"replies":[{"embeddable":true,"href":"https:\/\/rubi.com.py\/index.php\/wp-json\/wp\/v2\/comments?post=3172"}],"wp:featuredmedia":[{"embeddable":true,"href":"https:\/\/rubi.com.py\/index.php\/wp-json\/wp\/v2\/media\/3171"}],"wp:attachment":[{"href":"https:\/\/rubi.com.py\/index.php\/wp-json\/wp\/v2\/media?parent=3172"}],"wp:term":[{"taxonomy":"product_brand","embeddable":true,"href":"https:\/\/rubi.com.py\/index.php\/wp-json\/wp\/v2\/product_brand?post=3172"},{"taxonomy":"product_cat","embeddable":true,"href":"https:\/\/rubi.com.py\/index.php\/wp-json\/wp\/v2\/product_cat?post=3172"},{"taxonomy":"product_tag","embeddable":true,"href":"https:\/\/rubi.com.py\/index.php\/wp-json\/wp\/v2\/product_tag?post=3172"}],"curies":[{"name":"wp","href":"https:\/\/api.w.org\/{rel}","templated":true}]}}