{"id":3174,"date":"2026-04-18T00:06:10","date_gmt":"2026-04-17T22:06:10","guid":{"rendered":"https:\/\/rubi.com.py\/index.php\/producto\/pistola-de-agua-combat-watergun-verde\/"},"modified":"2026-04-18T00:06:10","modified_gmt":"2026-04-17T22:06:10","slug":"pistola-de-agua-combat-watergun-verde","status":"publish","type":"product","link":"https:\/\/rubi.com.py\/index.php\/producto\/pistola-de-agua-combat-watergun-verde\/","title":{"rendered":"PISTOLA DE AGUA COMBAT WATERGUN VERDE"},"content":{"rendered":"<p>PISTOLA DE AGUA COMBAT WATERGUN VERDE Caracter\u00edsticas: \u00ab-Estructura el\u00e9ctrica:disparo autom\u00e1tico sin bombear-Alta frecuencia de tiro y buen alcance -Gran capacidad para uso prolongado -Absorci\u00f3n autom\u00e1tica de agua desde la punta -Bater\u00eda recargable de larga duraci\u00f3n -Sello antifugas y construcci\u00f3n resistente -Apta para piscina, playa y juegos acu\u00e1ticos\u00bb<\/p>\n","protected":false},"excerpt":{"rendered":"<p>PISTOLA DE AGUA COMBAT WATERGUN VERDE<\/p>\n","protected":false},"featured_media":3173,"comment_status":"open","ping_status":"closed","template":"","meta":{"_et_pb_use_builder":"","_et_pb_old_content":"","_et_gb_content_width":""},"product_brand":[],"product_cat":[40],"product_tag":[],"class_list":{"0":"post-3174","1":"product","2":"type-product","3":"status-publish","4":"has-post-thumbnail","6":"product_cat-juguetes-y-juegos","8":"first","9":"instock","10":"shipping-taxable","11":"purchasable","12":"product-type-simple"},"_links":{"self":[{"href":"https:\/\/rubi.com.py\/index.php\/wp-json\/wp\/v2\/product\/3174","targetHints":{"allow":["GET"]}}],"collection":[{"href":"https:\/\/rubi.com.py\/index.php\/wp-json\/wp\/v2\/product"}],"about":[{"href":"https:\/\/rubi.com.py\/index.php\/wp-json\/wp\/v2\/types\/product"}],"replies":[{"embeddable":true,"href":"https:\/\/rubi.com.py\/index.php\/wp-json\/wp\/v2\/comments?post=3174"}],"wp:featuredmedia":[{"embeddable":true,"href":"https:\/\/rubi.com.py\/index.php\/wp-json\/wp\/v2\/media\/3173"}],"wp:attachment":[{"href":"https:\/\/rubi.com.py\/index.php\/wp-json\/wp\/v2\/media?parent=3174"}],"wp:term":[{"taxonomy":"product_brand","embeddable":true,"href":"https:\/\/rubi.com.py\/index.php\/wp-json\/wp\/v2\/product_brand?post=3174"},{"taxonomy":"product_cat","embeddable":true,"href":"https:\/\/rubi.com.py\/index.php\/wp-json\/wp\/v2\/product_cat?post=3174"},{"taxonomy":"product_tag","embeddable":true,"href":"https:\/\/rubi.com.py\/index.php\/wp-json\/wp\/v2\/product_tag?post=3174"}],"curies":[{"name":"wp","href":"https:\/\/api.w.org\/{rel}","templated":true}]}}