{"id":3176,"date":"2026-04-18T00:06:40","date_gmt":"2026-04-17T22:06:40","guid":{"rendered":"https:\/\/rubi.com.py\/index.php\/producto\/cuasi-a-bateria-level-cross\/"},"modified":"2026-04-18T00:06:40","modified_gmt":"2026-04-17T22:06:40","slug":"cuasi-a-bateria-level-cross","status":"publish","type":"product","link":"https:\/\/rubi.com.py\/index.php\/producto\/cuasi-a-bateria-level-cross\/","title":{"rendered":"CUASI A BATERIA LEVEL CROSS"},"content":{"rendered":"<p>CUASI A BATERIA LEVEL CROSS Caracter\u00edsticas: \u00ab-Edad adecuada de 3~5 a\u00f1os -Capacidad m\u00e1x.: 30 kg -Bater\u00eda recargable 6V 4 Ah -Tiempo de carga: 8-12 horas -Con m\u00fasica y luces -Medidas: 65 x 42 x 50 cm\u00bb<\/p>\n","protected":false},"excerpt":{"rendered":"<p>CUASI A BATERIA LEVEL CROSS<\/p>\n","protected":false},"featured_media":3175,"comment_status":"open","ping_status":"closed","template":"","meta":{"_et_pb_use_builder":"","_et_pb_old_content":"","_et_gb_content_width":""},"product_brand":[],"product_cat":[40],"product_tag":[],"class_list":{"0":"post-3176","1":"product","2":"type-product","3":"status-publish","4":"has-post-thumbnail","6":"product_cat-juguetes-y-juegos","8":"first","9":"instock","10":"shipping-taxable","11":"purchasable","12":"product-type-simple"},"_links":{"self":[{"href":"https:\/\/rubi.com.py\/index.php\/wp-json\/wp\/v2\/product\/3176","targetHints":{"allow":["GET"]}}],"collection":[{"href":"https:\/\/rubi.com.py\/index.php\/wp-json\/wp\/v2\/product"}],"about":[{"href":"https:\/\/rubi.com.py\/index.php\/wp-json\/wp\/v2\/types\/product"}],"replies":[{"embeddable":true,"href":"https:\/\/rubi.com.py\/index.php\/wp-json\/wp\/v2\/comments?post=3176"}],"wp:featuredmedia":[{"embeddable":true,"href":"https:\/\/rubi.com.py\/index.php\/wp-json\/wp\/v2\/media\/3175"}],"wp:attachment":[{"href":"https:\/\/rubi.com.py\/index.php\/wp-json\/wp\/v2\/media?parent=3176"}],"wp:term":[{"taxonomy":"product_brand","embeddable":true,"href":"https:\/\/rubi.com.py\/index.php\/wp-json\/wp\/v2\/product_brand?post=3176"},{"taxonomy":"product_cat","embeddable":true,"href":"https:\/\/rubi.com.py\/index.php\/wp-json\/wp\/v2\/product_cat?post=3176"},{"taxonomy":"product_tag","embeddable":true,"href":"https:\/\/rubi.com.py\/index.php\/wp-json\/wp\/v2\/product_tag?post=3176"}],"curies":[{"name":"wp","href":"https:\/\/api.w.org\/{rel}","templated":true}]}}