{"id":3207,"date":"2026-04-18T00:34:24","date_gmt":"2026-04-17T22:34:24","guid":{"rendered":"https:\/\/rubi.com.py\/index.php\/producto\/bebedero-de-pie-level-por-compresor-f-c-blanco-2\/"},"modified":"2026-04-18T00:34:24","modified_gmt":"2026-04-17T22:34:24","slug":"bebedero-de-pie-level-por-compresor-f-c-blanco-2","status":"publish","type":"product","link":"https:\/\/rubi.com.py\/index.php\/producto\/bebedero-de-pie-level-por-compresor-f-c-blanco-2\/","title":{"rendered":"BEBEDERO DE PIE LEVEL POR COMPRESOR F\/C BLANCO"},"content":{"rendered":"<p>BEBEDERO DE PIE LEVEL POR COMPRESOR F\/C BLANCO Caracter\u00edsticas: \u00ab-Bebedero de pie 220V\/50Hz -Agua fr\u00eda y caliente -Protecci\u00f3n contra sobrecalentamiento -Bloqueo de seguridad -Compresor de enfriamiento -Tanque de acero inoxidable -Caj\u00f3n para guardado -No incluye bid\u00f3n -Medidas: 27 x 28 x 84 cm\u00bb<\/p>\n","protected":false},"excerpt":{"rendered":"<p>BEBEDERO DE PIE LEVEL POR COMPRESOR F\/C BLANCO<\/p>\n","protected":false},"featured_media":3206,"comment_status":"open","ping_status":"closed","template":"","meta":{"_et_pb_use_builder":"","_et_pb_old_content":"","_et_gb_content_width":""},"product_brand":[],"product_cat":[38],"product_tag":[],"class_list":{"0":"post-3207","1":"product","2":"type-product","3":"status-publish","4":"has-post-thumbnail","6":"product_cat-hogar-y-limpieza","8":"first","9":"instock","10":"shipping-taxable","11":"purchasable","12":"product-type-simple"},"_links":{"self":[{"href":"https:\/\/rubi.com.py\/index.php\/wp-json\/wp\/v2\/product\/3207","targetHints":{"allow":["GET"]}}],"collection":[{"href":"https:\/\/rubi.com.py\/index.php\/wp-json\/wp\/v2\/product"}],"about":[{"href":"https:\/\/rubi.com.py\/index.php\/wp-json\/wp\/v2\/types\/product"}],"replies":[{"embeddable":true,"href":"https:\/\/rubi.com.py\/index.php\/wp-json\/wp\/v2\/comments?post=3207"}],"wp:featuredmedia":[{"embeddable":true,"href":"https:\/\/rubi.com.py\/index.php\/wp-json\/wp\/v2\/media\/3206"}],"wp:attachment":[{"href":"https:\/\/rubi.com.py\/index.php\/wp-json\/wp\/v2\/media?parent=3207"}],"wp:term":[{"taxonomy":"product_brand","embeddable":true,"href":"https:\/\/rubi.com.py\/index.php\/wp-json\/wp\/v2\/product_brand?post=3207"},{"taxonomy":"product_cat","embeddable":true,"href":"https:\/\/rubi.com.py\/index.php\/wp-json\/wp\/v2\/product_cat?post=3207"},{"taxonomy":"product_tag","embeddable":true,"href":"https:\/\/rubi.com.py\/index.php\/wp-json\/wp\/v2\/product_tag?post=3207"}],"curies":[{"name":"wp","href":"https:\/\/api.w.org\/{rel}","templated":true}]}}