{"id":3211,"date":"2026-04-18T00:36:30","date_gmt":"2026-04-17T22:36:30","guid":{"rendered":"https:\/\/rubi.com.py\/index.php\/producto\/cama-elastica-10ft\/"},"modified":"2026-04-18T00:36:30","modified_gmt":"2026-04-17T22:36:30","slug":"cama-elastica-10ft","status":"publish","type":"product","link":"https:\/\/rubi.com.py\/index.php\/producto\/cama-elastica-10ft\/","title":{"rendered":"CAMA ELASTICA 10FT"},"content":{"rendered":"<p>CAMA ELASTICA 10FT Caracter\u00edsticas: -Di\u00e1metro: 3.05 mts. -Altura: 65 cm a 2.15 mts. -Capacidad m\u00e1xima: 150 kg. -Escalera incluida. -Resortes de acero galvanizado. -Malla con protecci\u00f3n UV. -Per\u00edmetro con protecci\u00f3n anti ca\u00eddas.<\/p>\n","protected":false},"excerpt":{"rendered":"<p>CAMA ELASTICA 10FT<\/p>\n","protected":false},"featured_media":3210,"comment_status":"open","ping_status":"closed","template":"","meta":{"_et_pb_use_builder":"","_et_pb_old_content":"","_et_gb_content_width":""},"product_brand":[],"product_cat":[40],"product_tag":[],"class_list":{"0":"post-3211","1":"product","2":"type-product","3":"status-publish","4":"has-post-thumbnail","6":"product_cat-juguetes-y-juegos","8":"first","9":"instock","10":"shipping-taxable","11":"purchasable","12":"product-type-simple"},"_links":{"self":[{"href":"https:\/\/rubi.com.py\/index.php\/wp-json\/wp\/v2\/product\/3211","targetHints":{"allow":["GET"]}}],"collection":[{"href":"https:\/\/rubi.com.py\/index.php\/wp-json\/wp\/v2\/product"}],"about":[{"href":"https:\/\/rubi.com.py\/index.php\/wp-json\/wp\/v2\/types\/product"}],"replies":[{"embeddable":true,"href":"https:\/\/rubi.com.py\/index.php\/wp-json\/wp\/v2\/comments?post=3211"}],"wp:featuredmedia":[{"embeddable":true,"href":"https:\/\/rubi.com.py\/index.php\/wp-json\/wp\/v2\/media\/3210"}],"wp:attachment":[{"href":"https:\/\/rubi.com.py\/index.php\/wp-json\/wp\/v2\/media?parent=3211"}],"wp:term":[{"taxonomy":"product_brand","embeddable":true,"href":"https:\/\/rubi.com.py\/index.php\/wp-json\/wp\/v2\/product_brand?post=3211"},{"taxonomy":"product_cat","embeddable":true,"href":"https:\/\/rubi.com.py\/index.php\/wp-json\/wp\/v2\/product_cat?post=3211"},{"taxonomy":"product_tag","embeddable":true,"href":"https:\/\/rubi.com.py\/index.php\/wp-json\/wp\/v2\/product_tag?post=3211"}],"curies":[{"name":"wp","href":"https:\/\/api.w.org\/{rel}","templated":true}]}}