{"id":3218,"date":"2026-04-18T01:55:50","date_gmt":"2026-04-17T23:55:50","guid":{"rendered":"https:\/\/rubi.com.py\/index.php\/producto\/silla-gamer-empoli-con-reposapie-em-g01-azul-odin\/"},"modified":"2026-04-18T01:55:50","modified_gmt":"2026-04-17T23:55:50","slug":"silla-gamer-empoli-con-reposapie-em-g01-azul-odin","status":"publish","type":"product","link":"https:\/\/rubi.com.py\/index.php\/producto\/silla-gamer-empoli-con-reposapie-em-g01-azul-odin\/","title":{"rendered":"SILLA GAMER EMPOLI CON REPOSAPIE EM-G01 AZUL ODIN"},"content":{"rendered":"<p>SILLA GAMER EMPOLI CON REPOSAPIE EM-G01 AZUL ODIN Caracter\u00edsticas: -Silla de respaldo alto con cabecera. -Dise\u00f1o ergon\u00f3mico. -Almohad\u00f3n cervical y lumbar. -Reposapi\u00e9s incluido. -Posabrazos reclinables con almohadilla. -Reclinable de 90 a 135\u00b0. -Elevaci\u00f3n de gas clase 3. -Soporta hasta 130kg<\/p>\n","protected":false},"excerpt":{"rendered":"<p>SILLA GAMER EMPOLI CON REPOSAPIE EM-G01 AZUL ODIN<\/p>\n","protected":false},"featured_media":3217,"comment_status":"open","ping_status":"closed","template":"","meta":{"_et_pb_use_builder":"","_et_pb_old_content":"","_et_gb_content_width":""},"product_brand":[],"product_cat":[37,46],"product_tag":[],"class_list":{"0":"post-3218","1":"product","2":"type-product","3":"status-publish","4":"has-post-thumbnail","6":"product_cat-gaming","7":"product_cat-tecnologia","9":"first","10":"instock","11":"shipping-taxable","12":"purchasable","13":"product-type-simple"},"_links":{"self":[{"href":"https:\/\/rubi.com.py\/index.php\/wp-json\/wp\/v2\/product\/3218","targetHints":{"allow":["GET"]}}],"collection":[{"href":"https:\/\/rubi.com.py\/index.php\/wp-json\/wp\/v2\/product"}],"about":[{"href":"https:\/\/rubi.com.py\/index.php\/wp-json\/wp\/v2\/types\/product"}],"replies":[{"embeddable":true,"href":"https:\/\/rubi.com.py\/index.php\/wp-json\/wp\/v2\/comments?post=3218"}],"wp:featuredmedia":[{"embeddable":true,"href":"https:\/\/rubi.com.py\/index.php\/wp-json\/wp\/v2\/media\/3217"}],"wp:attachment":[{"href":"https:\/\/rubi.com.py\/index.php\/wp-json\/wp\/v2\/media?parent=3218"}],"wp:term":[{"taxonomy":"product_brand","embeddable":true,"href":"https:\/\/rubi.com.py\/index.php\/wp-json\/wp\/v2\/product_brand?post=3218"},{"taxonomy":"product_cat","embeddable":true,"href":"https:\/\/rubi.com.py\/index.php\/wp-json\/wp\/v2\/product_cat?post=3218"},{"taxonomy":"product_tag","embeddable":true,"href":"https:\/\/rubi.com.py\/index.php\/wp-json\/wp\/v2\/product_tag?post=3218"}],"curies":[{"name":"wp","href":"https:\/\/api.w.org\/{rel}","templated":true}]}}