{"id":3233,"date":"2026-04-18T02:01:20","date_gmt":"2026-04-18T00:01:20","guid":{"rendered":"https:\/\/rubi.com.py\/index.php\/producto\/silla-gamer-empoli-negra-em-gc01-loki\/"},"modified":"2026-04-18T02:01:42","modified_gmt":"2026-04-18T00:01:42","slug":"silla-gamer-empoli-negra-em-gc01-loki","status":"publish","type":"product","link":"https:\/\/rubi.com.py\/index.php\/producto\/silla-gamer-empoli-negra-em-gc01-loki\/","title":{"rendered":"SILLA GAMER EMPOLI NEGRA EM-GC01 LOKI"},"content":{"rendered":"<p>SILLA GAMER EMPOLI NEGRA EM-GC01 LOKI Caracter\u00edsticas: -Color negro -Silla de respaldo alto -Con cabecera -Dise\u00f1o ergon\u00f3mico -Almohad\u00f3n cervical y lumbar -Posabrazos reclinables con almohadilla acolchonada -Reclinable en 90 a 135\u00b0 -Elevaci\u00f3n de gas clase 3 -Materiales: Tapizado de cuero, apoyabrazos de pp, base cromada y ruedas pl\u00e1sticas negras<\/p>\n","protected":false},"excerpt":{"rendered":"<p>SILLA GAMER EMPOLI NEGRA EM-GC01 LOKI<\/p>\n","protected":false},"featured_media":3234,"comment_status":"open","ping_status":"closed","template":"","meta":{"_et_pb_use_builder":"","_et_pb_old_content":"","_et_gb_content_width":""},"product_brand":[],"product_cat":[37,42],"product_tag":[],"class_list":{"0":"post-3233","1":"product","2":"type-product","3":"status-publish","4":"has-post-thumbnail","6":"product_cat-gaming","7":"product_cat-muebles","9":"first","10":"instock","11":"shipping-taxable","12":"purchasable","13":"product-type-simple"},"_links":{"self":[{"href":"https:\/\/rubi.com.py\/index.php\/wp-json\/wp\/v2\/product\/3233","targetHints":{"allow":["GET"]}}],"collection":[{"href":"https:\/\/rubi.com.py\/index.php\/wp-json\/wp\/v2\/product"}],"about":[{"href":"https:\/\/rubi.com.py\/index.php\/wp-json\/wp\/v2\/types\/product"}],"replies":[{"embeddable":true,"href":"https:\/\/rubi.com.py\/index.php\/wp-json\/wp\/v2\/comments?post=3233"}],"wp:featuredmedia":[{"embeddable":true,"href":"https:\/\/rubi.com.py\/index.php\/wp-json\/wp\/v2\/media\/3234"}],"wp:attachment":[{"href":"https:\/\/rubi.com.py\/index.php\/wp-json\/wp\/v2\/media?parent=3233"}],"wp:term":[{"taxonomy":"product_brand","embeddable":true,"href":"https:\/\/rubi.com.py\/index.php\/wp-json\/wp\/v2\/product_brand?post=3233"},{"taxonomy":"product_cat","embeddable":true,"href":"https:\/\/rubi.com.py\/index.php\/wp-json\/wp\/v2\/product_cat?post=3233"},{"taxonomy":"product_tag","embeddable":true,"href":"https:\/\/rubi.com.py\/index.php\/wp-json\/wp\/v2\/product_tag?post=3233"}],"curies":[{"name":"wp","href":"https:\/\/api.w.org\/{rel}","templated":true}]}}