{"id":3240,"date":"2026-04-18T02:02:58","date_gmt":"2026-04-18T00:02:58","guid":{"rendered":"https:\/\/rubi.com.py\/index.php\/producto\/cafetera-italiana-aluminio-450ml-9t-plata-varenna\/"},"modified":"2026-04-18T02:02:58","modified_gmt":"2026-04-18T00:02:58","slug":"cafetera-italiana-aluminio-450ml-9t-plata-varenna","status":"publish","type":"product","link":"https:\/\/rubi.com.py\/index.php\/producto\/cafetera-italiana-aluminio-450ml-9t-plata-varenna\/","title":{"rendered":"CAFETERA ITALIANA ALUMINIO 450ML 9T PLATA VARENNA"},"content":{"rendered":"<p>CAFETERA ITALIANA ALUMINIO 450ML 9T PLATA VARENNA Caracter\u00edsticas: -Color: Plateado -Volumen: 450ML -Medidas: D10.7X20CM -Peso kg: 0.6 -Material: ALUMINIO -Fuego directo: SI -Vitrocer\u00e1mica: SI -Gas: SI -El\u00e9ctrica: SI -Hal\u00f3gena: SI<\/p>\n","protected":false},"excerpt":{"rendered":"<p>CAFETERA ITALIANA ALUMINIO 450ML 9T PLATA VARENNA<\/p>\n","protected":false},"featured_media":3239,"comment_status":"open","ping_status":"closed","template":"","meta":{"_et_pb_use_builder":"","_et_pb_old_content":"","_et_gb_content_width":""},"product_brand":[],"product_cat":[33,38],"product_tag":[],"class_list":{"0":"post-3240","1":"product","2":"type-product","3":"status-publish","4":"has-post-thumbnail","6":"product_cat-cocina-y-comedor","7":"product_cat-hogar-y-limpieza","9":"first","10":"instock","11":"shipping-taxable","12":"purchasable","13":"product-type-simple"},"_links":{"self":[{"href":"https:\/\/rubi.com.py\/index.php\/wp-json\/wp\/v2\/product\/3240","targetHints":{"allow":["GET"]}}],"collection":[{"href":"https:\/\/rubi.com.py\/index.php\/wp-json\/wp\/v2\/product"}],"about":[{"href":"https:\/\/rubi.com.py\/index.php\/wp-json\/wp\/v2\/types\/product"}],"replies":[{"embeddable":true,"href":"https:\/\/rubi.com.py\/index.php\/wp-json\/wp\/v2\/comments?post=3240"}],"wp:featuredmedia":[{"embeddable":true,"href":"https:\/\/rubi.com.py\/index.php\/wp-json\/wp\/v2\/media\/3239"}],"wp:attachment":[{"href":"https:\/\/rubi.com.py\/index.php\/wp-json\/wp\/v2\/media?parent=3240"}],"wp:term":[{"taxonomy":"product_brand","embeddable":true,"href":"https:\/\/rubi.com.py\/index.php\/wp-json\/wp\/v2\/product_brand?post=3240"},{"taxonomy":"product_cat","embeddable":true,"href":"https:\/\/rubi.com.py\/index.php\/wp-json\/wp\/v2\/product_cat?post=3240"},{"taxonomy":"product_tag","embeddable":true,"href":"https:\/\/rubi.com.py\/index.php\/wp-json\/wp\/v2\/product_tag?post=3240"}],"curies":[{"name":"wp","href":"https:\/\/api.w.org\/{rel}","templated":true}]}}