{"id":3272,"date":"2026-04-18T02:12:35","date_gmt":"2026-04-18T00:12:35","guid":{"rendered":"https:\/\/rubi.com.py\/index.php\/producto\/trampa-para-insectos-trapit-adhesiva-ultrasonica\/"},"modified":"2026-04-18T02:13:49","modified_gmt":"2026-04-18T00:13:49","slug":"trampa-para-insectos-trapit-adhesiva-ultrasonica","status":"publish","type":"product","link":"https:\/\/rubi.com.py\/index.php\/producto\/trampa-para-insectos-trapit-adhesiva-ultrasonica\/","title":{"rendered":"TRAMPA PARA INSECTOS TRAPIT &#8211; ADHESIVA\/ULTRASONICA"},"content":{"rendered":"<p>TRAMPA PARA INSECTOS TRAPIT &#8211; ADHESIVA\/ULTRASONICA Caracter\u00edsticas: Cada unidad de TrapIt tiene una eficacia comprobada de 28m2, las 24 horas del d\u00eda los 365 d\u00edas del a\u00f1o, se recomienda colocar en lugares oscuros para una mayor atracci\u00f3n de insectos. La colocaci\u00f3n de m\u00e1s de un dispositivo en un mismo ambiente garantiza a\u00fan mayor eficacia a la hora de reducir insectos en el mismo. Cada StickIT en promedio se cambia cada 30 d\u00edas<\/p>\n","protected":false},"excerpt":{"rendered":"<p>TRAMPA PARA INSECTOS TRAPIT &#8211; ADHESIVA\/ULTRASONICA<\/p>\n","protected":false},"featured_media":3273,"comment_status":"open","ping_status":"closed","template":"","meta":{"_et_pb_use_builder":"","_et_pb_old_content":"","_et_gb_content_width":""},"product_brand":[],"product_cat":[38],"product_tag":[],"class_list":{"0":"post-3272","1":"product","2":"type-product","3":"status-publish","4":"has-post-thumbnail","6":"product_cat-hogar-y-limpieza","8":"first","9":"instock","10":"shipping-taxable","11":"purchasable","12":"product-type-simple"},"_links":{"self":[{"href":"https:\/\/rubi.com.py\/index.php\/wp-json\/wp\/v2\/product\/3272","targetHints":{"allow":["GET"]}}],"collection":[{"href":"https:\/\/rubi.com.py\/index.php\/wp-json\/wp\/v2\/product"}],"about":[{"href":"https:\/\/rubi.com.py\/index.php\/wp-json\/wp\/v2\/types\/product"}],"replies":[{"embeddable":true,"href":"https:\/\/rubi.com.py\/index.php\/wp-json\/wp\/v2\/comments?post=3272"}],"wp:featuredmedia":[{"embeddable":true,"href":"https:\/\/rubi.com.py\/index.php\/wp-json\/wp\/v2\/media\/3273"}],"wp:attachment":[{"href":"https:\/\/rubi.com.py\/index.php\/wp-json\/wp\/v2\/media?parent=3272"}],"wp:term":[{"taxonomy":"product_brand","embeddable":true,"href":"https:\/\/rubi.com.py\/index.php\/wp-json\/wp\/v2\/product_brand?post=3272"},{"taxonomy":"product_cat","embeddable":true,"href":"https:\/\/rubi.com.py\/index.php\/wp-json\/wp\/v2\/product_cat?post=3272"},{"taxonomy":"product_tag","embeddable":true,"href":"https:\/\/rubi.com.py\/index.php\/wp-json\/wp\/v2\/product_tag?post=3272"}],"curies":[{"name":"wp","href":"https:\/\/api.w.org\/{rel}","templated":true}]}}