{"id":3275,"date":"2026-04-18T02:14:15","date_gmt":"2026-04-18T00:14:15","guid":{"rendered":"https:\/\/rubi.com.py\/index.php\/producto\/pack-x3-stickit-adhesivo\/"},"modified":"2026-04-18T02:14:15","modified_gmt":"2026-04-18T00:14:15","slug":"pack-x3-stickit-adhesivo","status":"publish","type":"product","link":"https:\/\/rubi.com.py\/index.php\/producto\/pack-x3-stickit-adhesivo\/","title":{"rendered":"PACK X3 STICKIT ADHESIVO"},"content":{"rendered":"<p>PACK X3 STICKIT ADHESIVO Caracter\u00edsticas: Con pegamento de alta resistencia, atrapa a los insectos de forma permanente, evitando que se escapen. Protecci\u00f3n UV cada StickIT. Atrapa: Moscas, Moscas de la Fruta, Mosquitos, Aedes Aeypti, Polillas y otros peque\u00f1os voladores. Duraci\u00f3n: 30 d\u00edas c\/ unidad.<\/p>\n","protected":false},"excerpt":{"rendered":"<p>PACK X3 STICKIT ADHESIVO<\/p>\n","protected":false},"featured_media":3274,"comment_status":"open","ping_status":"closed","template":"","meta":{"_et_pb_use_builder":"","_et_pb_old_content":"","_et_gb_content_width":""},"product_brand":[],"product_cat":[38],"product_tag":[],"class_list":{"0":"post-3275","1":"product","2":"type-product","3":"status-publish","4":"has-post-thumbnail","6":"product_cat-hogar-y-limpieza","8":"first","9":"instock","10":"shipping-taxable","11":"purchasable","12":"product-type-simple"},"_links":{"self":[{"href":"https:\/\/rubi.com.py\/index.php\/wp-json\/wp\/v2\/product\/3275","targetHints":{"allow":["GET"]}}],"collection":[{"href":"https:\/\/rubi.com.py\/index.php\/wp-json\/wp\/v2\/product"}],"about":[{"href":"https:\/\/rubi.com.py\/index.php\/wp-json\/wp\/v2\/types\/product"}],"replies":[{"embeddable":true,"href":"https:\/\/rubi.com.py\/index.php\/wp-json\/wp\/v2\/comments?post=3275"}],"wp:featuredmedia":[{"embeddable":true,"href":"https:\/\/rubi.com.py\/index.php\/wp-json\/wp\/v2\/media\/3274"}],"wp:attachment":[{"href":"https:\/\/rubi.com.py\/index.php\/wp-json\/wp\/v2\/media?parent=3275"}],"wp:term":[{"taxonomy":"product_brand","embeddable":true,"href":"https:\/\/rubi.com.py\/index.php\/wp-json\/wp\/v2\/product_brand?post=3275"},{"taxonomy":"product_cat","embeddable":true,"href":"https:\/\/rubi.com.py\/index.php\/wp-json\/wp\/v2\/product_cat?post=3275"},{"taxonomy":"product_tag","embeddable":true,"href":"https:\/\/rubi.com.py\/index.php\/wp-json\/wp\/v2\/product_tag?post=3275"}],"curies":[{"name":"wp","href":"https:\/\/api.w.org\/{rel}","templated":true}]}}