{"id":3292,"date":"2026-04-18T02:17:49","date_gmt":"2026-04-18T00:17:49","guid":{"rendered":"https:\/\/rubi.com.py\/index.php\/producto\/moto-p-ninos-bateria-recargable-6v4-5ah-medida-823462cm\/"},"modified":"2026-04-18T02:17:49","modified_gmt":"2026-04-18T00:17:49","slug":"moto-p-ninos-bateria-recargable-6v4-5ah-medida-823462cm","status":"publish","type":"product","link":"https:\/\/rubi.com.py\/index.php\/producto\/moto-p-ninos-bateria-recargable-6v4-5ah-medida-823462cm\/","title":{"rendered":"MOTO P\/NI\u00d1OS. BATERIA RECARGABLE 6V4.5AH, MEDIDA 82*34*62CM"},"content":{"rendered":"<p>MOTO P\/NI\u00d1OS. BATERIA RECARGABLE 6V4.5AH, MEDIDA 82*34*62CM Caracter\u00edsticas: Bater\u00eda recargable 6V4.5AH Medida 82x34x62cm Peso: 4.8kg Tiempo de uso:1-2 horas Tiempo de carga 5-8horas Con musica, luces Colores: Rojo, blanco<\/p>\n","protected":false},"excerpt":{"rendered":"<p>MOTO P\/NI\u00d1OS. BATERIA RECARGABLE 6V4.5AH, MEDIDA 82*34*62CM<\/p>\n","protected":false},"featured_media":0,"comment_status":"open","ping_status":"closed","template":"","meta":{"_et_pb_use_builder":"","_et_pb_old_content":"","_et_gb_content_width":""},"product_brand":[],"product_cat":[40],"product_tag":[],"class_list":{"0":"post-3292","1":"product","2":"type-product","3":"status-publish","5":"product_cat-juguetes-y-juegos","7":"first","8":"instock","9":"shipping-taxable","10":"purchasable","11":"product-type-simple"},"_links":{"self":[{"href":"https:\/\/rubi.com.py\/index.php\/wp-json\/wp\/v2\/product\/3292","targetHints":{"allow":["GET"]}}],"collection":[{"href":"https:\/\/rubi.com.py\/index.php\/wp-json\/wp\/v2\/product"}],"about":[{"href":"https:\/\/rubi.com.py\/index.php\/wp-json\/wp\/v2\/types\/product"}],"replies":[{"embeddable":true,"href":"https:\/\/rubi.com.py\/index.php\/wp-json\/wp\/v2\/comments?post=3292"}],"wp:attachment":[{"href":"https:\/\/rubi.com.py\/index.php\/wp-json\/wp\/v2\/media?parent=3292"}],"wp:term":[{"taxonomy":"product_brand","embeddable":true,"href":"https:\/\/rubi.com.py\/index.php\/wp-json\/wp\/v2\/product_brand?post=3292"},{"taxonomy":"product_cat","embeddable":true,"href":"https:\/\/rubi.com.py\/index.php\/wp-json\/wp\/v2\/product_cat?post=3292"},{"taxonomy":"product_tag","embeddable":true,"href":"https:\/\/rubi.com.py\/index.php\/wp-json\/wp\/v2\/product_tag?post=3292"}],"curies":[{"name":"wp","href":"https:\/\/api.w.org\/{rel}","templated":true}]}}