{"id":3311,"date":"2026-04-18T02:25:17","date_gmt":"2026-04-18T00:25:17","guid":{"rendered":"https:\/\/rubi.com.py\/index.php\/producto\/mochila-kolke-multifuncional-nobby-kvm-786-celeste\/"},"modified":"2026-04-18T02:25:17","modified_gmt":"2026-04-18T00:25:17","slug":"mochila-kolke-multifuncional-nobby-kvm-786-celeste","status":"publish","type":"product","link":"https:\/\/rubi.com.py\/index.php\/producto\/mochila-kolke-multifuncional-nobby-kvm-786-celeste\/","title":{"rendered":"MOCHILA KOLKE MULTIFUNCIONAL NOBBY KVM-786 CELESTE"},"content":{"rendered":"<p>MOCHILA KOLKE MULTIFUNCIONAL NOBBY KVM-786 CELESTE Caracter\u00edsticas: -Mochila grande y multifuncional con dise\u00f1o moderno.-Puerto USB externo para carga de dispositivos(power bank no incluido).-Compartimento acolchado para laptop de hasta 15&#8243;.-Bolsillo interior impermeable para objetos h\u00famedos.-Cuatro bolsillos en total, incluidos 3 frontales.-Espalda acolchonada y doble asa para mayor comodidad.-Dise\u00f1o ergon\u00f3mico que reduce la sensaci\u00f3n de peso.-Material resistente: nylon impermeable con forro de poli\u00e9ster 210. -Gran capacidad de almacenamiento. -Dimensiones: 45 \u00d7 32 \u00d7 18 cm.<\/p>\n","protected":false},"excerpt":{"rendered":"<p>MOCHILA KOLKE MULTIFUNCIONAL NOBBY KVM-786 CELESTE<\/p>\n","protected":false},"featured_media":0,"comment_status":"open","ping_status":"closed","template":"","meta":{"_et_pb_use_builder":"","_et_pb_old_content":"","_et_gb_content_width":""},"product_brand":[],"product_cat":[46],"product_tag":[],"class_list":{"0":"post-3311","1":"product","2":"type-product","3":"status-publish","5":"product_cat-tecnologia","7":"first","8":"instock","9":"shipping-taxable","10":"purchasable","11":"product-type-simple"},"_links":{"self":[{"href":"https:\/\/rubi.com.py\/index.php\/wp-json\/wp\/v2\/product\/3311","targetHints":{"allow":["GET"]}}],"collection":[{"href":"https:\/\/rubi.com.py\/index.php\/wp-json\/wp\/v2\/product"}],"about":[{"href":"https:\/\/rubi.com.py\/index.php\/wp-json\/wp\/v2\/types\/product"}],"replies":[{"embeddable":true,"href":"https:\/\/rubi.com.py\/index.php\/wp-json\/wp\/v2\/comments?post=3311"}],"wp:attachment":[{"href":"https:\/\/rubi.com.py\/index.php\/wp-json\/wp\/v2\/media?parent=3311"}],"wp:term":[{"taxonomy":"product_brand","embeddable":true,"href":"https:\/\/rubi.com.py\/index.php\/wp-json\/wp\/v2\/product_brand?post=3311"},{"taxonomy":"product_cat","embeddable":true,"href":"https:\/\/rubi.com.py\/index.php\/wp-json\/wp\/v2\/product_cat?post=3311"},{"taxonomy":"product_tag","embeddable":true,"href":"https:\/\/rubi.com.py\/index.php\/wp-json\/wp\/v2\/product_tag?post=3311"}],"curies":[{"name":"wp","href":"https:\/\/api.w.org\/{rel}","templated":true}]}}