{"id":3313,"date":"2026-04-18T02:25:37","date_gmt":"2026-04-18T00:25:37","guid":{"rendered":"https:\/\/rubi.com.py\/index.php\/producto\/parlante-inalambrico-doble-65-tweeter-1-fest-duo-white-edition-kpb-787\/"},"modified":"2026-04-18T02:25:55","modified_gmt":"2026-04-18T00:25:55","slug":"parlante-inalambrico-doble-65-tweeter-1-fest-duo-white-edition-kpb-787","status":"publish","type":"product","link":"https:\/\/rubi.com.py\/index.php\/producto\/parlante-inalambrico-doble-65-tweeter-1-fest-duo-white-edition-kpb-787\/","title":{"rendered":"PARLANTE INAL\u00c1MBRICO DOBLE 6,5\u201d + TWEETER 1\u201d FEST DUO WHITE EDITION KPB-787"},"content":{"rendered":"<p>PARLANTE INAL\u00c1MBRICO DOBLE 6,5\u201d + TWEETER 1\u201d FEST DUO WHITE EDITION KPB-787 Caracter\u00edsticas: Parlante doble de 6,5&#8243; + tweeter de 1&#8243;.-Potencia: 100W \/ 3.500 W PMPO.-Bater\u00eda recargable de gran capacidad: 6.000 mAh.-Conexi\u00f3n inal\u00e1mbrica y funci\u00f3n TWS para sonido est\u00e9reo. -Entradas: USB, microSD, Aux, micr\u00f3fono y guitarra. Radio FM y funci\u00f3n de micr\u00f3fono inal\u00e1mbrico. 8 modos de luces LED multicolor (opcional). Funci\u00f3n de grabaci\u00f3n en USB\/microSD. Ajustes de graves, agudos, eco y prioridad de micr\u00f3fono.-Alimentaci\u00f3n: Tipo C 5V\/3A. Dimensiones: 286 x 285 x 578 mm. Peso: 7,1 kg. Incluye: 2 micr\u00f3fonos inal\u00e1mbricos, bater\u00eda y cables para micr\u00f3fonos, control remoto, adaptador y cable auxiliar.<\/p>\n","protected":false},"excerpt":{"rendered":"<p>PARLANTE INAL\u00c1MBRICO DOBLE 6,5\u201d + TWEETER 1\u201d FEST DUO WHITE EDITION KPB-787<\/p>\n","protected":false},"featured_media":3314,"comment_status":"open","ping_status":"closed","template":"","meta":{"_et_pb_use_builder":"","_et_pb_old_content":"","_et_gb_content_width":""},"product_brand":[],"product_cat":[46],"product_tag":[],"class_list":{"0":"post-3313","1":"product","2":"type-product","3":"status-publish","4":"has-post-thumbnail","6":"product_cat-tecnologia","8":"first","9":"instock","10":"shipping-taxable","11":"purchasable","12":"product-type-simple"},"_links":{"self":[{"href":"https:\/\/rubi.com.py\/index.php\/wp-json\/wp\/v2\/product\/3313","targetHints":{"allow":["GET"]}}],"collection":[{"href":"https:\/\/rubi.com.py\/index.php\/wp-json\/wp\/v2\/product"}],"about":[{"href":"https:\/\/rubi.com.py\/index.php\/wp-json\/wp\/v2\/types\/product"}],"replies":[{"embeddable":true,"href":"https:\/\/rubi.com.py\/index.php\/wp-json\/wp\/v2\/comments?post=3313"}],"wp:featuredmedia":[{"embeddable":true,"href":"https:\/\/rubi.com.py\/index.php\/wp-json\/wp\/v2\/media\/3314"}],"wp:attachment":[{"href":"https:\/\/rubi.com.py\/index.php\/wp-json\/wp\/v2\/media?parent=3313"}],"wp:term":[{"taxonomy":"product_brand","embeddable":true,"href":"https:\/\/rubi.com.py\/index.php\/wp-json\/wp\/v2\/product_brand?post=3313"},{"taxonomy":"product_cat","embeddable":true,"href":"https:\/\/rubi.com.py\/index.php\/wp-json\/wp\/v2\/product_cat?post=3313"},{"taxonomy":"product_tag","embeddable":true,"href":"https:\/\/rubi.com.py\/index.php\/wp-json\/wp\/v2\/product_tag?post=3313"}],"curies":[{"name":"wp","href":"https:\/\/api.w.org\/{rel}","templated":true}]}}