{"id":3320,"date":"2026-04-18T02:27:47","date_gmt":"2026-04-18T00:27:47","guid":{"rendered":"https:\/\/rubi.com.py\/index.php\/producto\/cafetera-espresso-barista-deluxe-6-en-1-c-molinillo-de-cafe-y-espumador-nec-339\/"},"modified":"2026-04-18T02:27:47","modified_gmt":"2026-04-18T00:27:47","slug":"cafetera-espresso-barista-deluxe-6-en-1-c-molinillo-de-cafe-y-espumador-nec-339","status":"publish","type":"product","link":"https:\/\/rubi.com.py\/index.php\/producto\/cafetera-espresso-barista-deluxe-6-en-1-c-molinillo-de-cafe-y-espumador-nec-339\/","title":{"rendered":"CAFETERA ESPRESSO BARISTA DELUXE 6 EN 1 C\/MOLINILLO DE CAFE Y ESPUMADOR NEC-339"},"content":{"rendered":"<p>CAFETERA ESPRESSO BARISTA DELUXE 6 EN 1 C\/MOLINILLO DE CAFE Y ESPUMADOR NEC-339 Caracter\u00edsticas: -Multifunci\u00f3n 6 en 1: Espresso, Espresso fr\u00edo, Moler, -Molienda Personalizada, Americano, Vapor. -Selecci\u00f3n de la capacidad de Espresso, Molienda y -Molienda Personalizada: est\u00e1ndar \/ doble. -Funci\u00f3n de espumado de leche (Varilla de vapor). -Molinillo integrado: 10 niveles de molienda fina. -Permite la preparaci\u00f3n de dos tazas a la vez. -Sistema de calentamiento r\u00e1pido Thermoblock. -Tecnolog\u00eda de extracci\u00f3n en fr\u00edo. -Control de temperatura NTC. -Bomba italiana de alta presi\u00f3n de 20 bares. -Tecnolog\u00eda de preinfusi\u00f3n. -Potencia: 1350W. -Control t\u00e1ctil intuitivo. -Dep\u00f3sito de agua de 1,7L extra\u00edble. -Plato superior calienta tazas. -Accesorios incluidos: Filtro para 1 y 2 tazas, -Portafiltro, Cuchara medidora de caf\u00e9, Jarra de leche y prensador de caf\u00e9.<\/p>\n","protected":false},"excerpt":{"rendered":"<p>CAFETERA ESPRESSO BARISTA DELUXE 6 EN 1 C\/MOLINILLO DE CAFE Y ESPUMADOR NEC-339<\/p>\n","protected":false},"featured_media":3319,"comment_status":"open","ping_status":"closed","template":"","meta":{"_et_pb_use_builder":"","_et_pb_old_content":"","_et_gb_content_width":""},"product_brand":[],"product_cat":[33],"product_tag":[],"class_list":{"0":"post-3320","1":"product","2":"type-product","3":"status-publish","4":"has-post-thumbnail","6":"product_cat-cocina-y-comedor","8":"first","9":"instock","10":"shipping-taxable","11":"purchasable","12":"product-type-simple"},"_links":{"self":[{"href":"https:\/\/rubi.com.py\/index.php\/wp-json\/wp\/v2\/product\/3320","targetHints":{"allow":["GET"]}}],"collection":[{"href":"https:\/\/rubi.com.py\/index.php\/wp-json\/wp\/v2\/product"}],"about":[{"href":"https:\/\/rubi.com.py\/index.php\/wp-json\/wp\/v2\/types\/product"}],"replies":[{"embeddable":true,"href":"https:\/\/rubi.com.py\/index.php\/wp-json\/wp\/v2\/comments?post=3320"}],"wp:featuredmedia":[{"embeddable":true,"href":"https:\/\/rubi.com.py\/index.php\/wp-json\/wp\/v2\/media\/3319"}],"wp:attachment":[{"href":"https:\/\/rubi.com.py\/index.php\/wp-json\/wp\/v2\/media?parent=3320"}],"wp:term":[{"taxonomy":"product_brand","embeddable":true,"href":"https:\/\/rubi.com.py\/index.php\/wp-json\/wp\/v2\/product_brand?post=3320"},{"taxonomy":"product_cat","embeddable":true,"href":"https:\/\/rubi.com.py\/index.php\/wp-json\/wp\/v2\/product_cat?post=3320"},{"taxonomy":"product_tag","embeddable":true,"href":"https:\/\/rubi.com.py\/index.php\/wp-json\/wp\/v2\/product_tag?post=3320"}],"curies":[{"name":"wp","href":"https:\/\/api.w.org\/{rel}","templated":true}]}}