{"id":3327,"date":"2026-04-18T02:29:57","date_gmt":"2026-04-18T00:29:57","guid":{"rendered":"https:\/\/rubi.com.py\/index.php\/producto\/maquina-para-hacer-hielo-nappo-ney-305\/"},"modified":"2026-04-18T02:29:57","modified_gmt":"2026-04-18T00:29:57","slug":"maquina-para-hacer-hielo-nappo-ney-305","status":"publish","type":"product","link":"https:\/\/rubi.com.py\/index.php\/producto\/maquina-para-hacer-hielo-nappo-ney-305\/","title":{"rendered":"MAQUINA PARA HACER HIELO NAPPO NEY-305"},"content":{"rendered":"<p>MAQUINA PARA HACER HIELO NAPPO NEY-305 Caracter\u00edsticas: -Producci\u00f3n de 12 kg de cubos de hielo al d\u00eda. -Capacidad de la cesta de hielo: 0,6 kg. -Capacidad del tanque de agua: 1,2 L. -Ciclo de funcionamiento: 6\u20138 min. -2 tama\u00f1os de hielo seleccionables -Funci\u00f3n de autolimpieza. -Potencia: 165 W.<\/p>\n","protected":false},"excerpt":{"rendered":"<p>MAQUINA PARA HACER HIELO NAPPO NEY-305<\/p>\n","protected":false},"featured_media":3326,"comment_status":"open","ping_status":"closed","template":"","meta":{"_et_pb_use_builder":"","_et_pb_old_content":"","_et_gb_content_width":""},"product_brand":[],"product_cat":[33],"product_tag":[],"class_list":{"0":"post-3327","1":"product","2":"type-product","3":"status-publish","4":"has-post-thumbnail","6":"product_cat-cocina-y-comedor","8":"first","9":"instock","10":"shipping-taxable","11":"purchasable","12":"product-type-simple"},"_links":{"self":[{"href":"https:\/\/rubi.com.py\/index.php\/wp-json\/wp\/v2\/product\/3327","targetHints":{"allow":["GET"]}}],"collection":[{"href":"https:\/\/rubi.com.py\/index.php\/wp-json\/wp\/v2\/product"}],"about":[{"href":"https:\/\/rubi.com.py\/index.php\/wp-json\/wp\/v2\/types\/product"}],"replies":[{"embeddable":true,"href":"https:\/\/rubi.com.py\/index.php\/wp-json\/wp\/v2\/comments?post=3327"}],"wp:featuredmedia":[{"embeddable":true,"href":"https:\/\/rubi.com.py\/index.php\/wp-json\/wp\/v2\/media\/3326"}],"wp:attachment":[{"href":"https:\/\/rubi.com.py\/index.php\/wp-json\/wp\/v2\/media?parent=3327"}],"wp:term":[{"taxonomy":"product_brand","embeddable":true,"href":"https:\/\/rubi.com.py\/index.php\/wp-json\/wp\/v2\/product_brand?post=3327"},{"taxonomy":"product_cat","embeddable":true,"href":"https:\/\/rubi.com.py\/index.php\/wp-json\/wp\/v2\/product_cat?post=3327"},{"taxonomy":"product_tag","embeddable":true,"href":"https:\/\/rubi.com.py\/index.php\/wp-json\/wp\/v2\/product_tag?post=3327"}],"curies":[{"name":"wp","href":"https:\/\/api.w.org\/{rel}","templated":true}]}}