{"id":3329,"date":"2026-04-18T02:30:18","date_gmt":"2026-04-18T00:30:18","guid":{"rendered":"https:\/\/rubi.com.py\/index.php\/producto\/maquina-de-granizado-slushie-nappo-ney-306\/"},"modified":"2026-04-18T02:30:18","modified_gmt":"2026-04-18T00:30:18","slug":"maquina-de-granizado-slushie-nappo-ney-306","status":"publish","type":"product","link":"https:\/\/rubi.com.py\/index.php\/producto\/maquina-de-granizado-slushie-nappo-ney-306\/","title":{"rendered":"MAQUINA DE GRANIZADO\/SLUSHIE NAPPO NEY-306"},"content":{"rendered":"<p>MAQUINA DE GRANIZADO\/SLUSHIE NAPPO NEY-306 Caracter\u00edsticas: -6 programas preestablecidos. -No necesita hielo. -Panel de control t\u00e1ctil. -F\u00e1cil operaci\u00f3n: seleccionar el programa deseado. -El l\u00edquido gira 360\u00b0 alrededor del cilindro de enfriamiento, que mantiene la temperatura y la textura ideales. -Capacidad: 1,6 L. -Control de temperatura ajustable. F\u00e1cil de limpiar.<\/p>\n","protected":false},"excerpt":{"rendered":"<p>MAQUINA DE GRANIZADO\/SLUSHIE NAPPO NEY-306<\/p>\n","protected":false},"featured_media":3328,"comment_status":"open","ping_status":"closed","template":"","meta":{"_et_pb_use_builder":"","_et_pb_old_content":"","_et_gb_content_width":""},"product_brand":[],"product_cat":[33],"product_tag":[],"class_list":{"0":"post-3329","1":"product","2":"type-product","3":"status-publish","4":"has-post-thumbnail","6":"product_cat-cocina-y-comedor","8":"first","9":"instock","10":"shipping-taxable","11":"purchasable","12":"product-type-simple"},"_links":{"self":[{"href":"https:\/\/rubi.com.py\/index.php\/wp-json\/wp\/v2\/product\/3329","targetHints":{"allow":["GET"]}}],"collection":[{"href":"https:\/\/rubi.com.py\/index.php\/wp-json\/wp\/v2\/product"}],"about":[{"href":"https:\/\/rubi.com.py\/index.php\/wp-json\/wp\/v2\/types\/product"}],"replies":[{"embeddable":true,"href":"https:\/\/rubi.com.py\/index.php\/wp-json\/wp\/v2\/comments?post=3329"}],"wp:featuredmedia":[{"embeddable":true,"href":"https:\/\/rubi.com.py\/index.php\/wp-json\/wp\/v2\/media\/3328"}],"wp:attachment":[{"href":"https:\/\/rubi.com.py\/index.php\/wp-json\/wp\/v2\/media?parent=3329"}],"wp:term":[{"taxonomy":"product_brand","embeddable":true,"href":"https:\/\/rubi.com.py\/index.php\/wp-json\/wp\/v2\/product_brand?post=3329"},{"taxonomy":"product_cat","embeddable":true,"href":"https:\/\/rubi.com.py\/index.php\/wp-json\/wp\/v2\/product_cat?post=3329"},{"taxonomy":"product_tag","embeddable":true,"href":"https:\/\/rubi.com.py\/index.php\/wp-json\/wp\/v2\/product_tag?post=3329"}],"curies":[{"name":"wp","href":"https:\/\/api.w.org\/{rel}","templated":true}]}}