{"id":3331,"date":"2026-04-18T02:30:48","date_gmt":"2026-04-18T00:30:48","guid":{"rendered":"https:\/\/rubi.com.py\/index.php\/producto\/sistema-de-microfonos-con-uhf-con-2-canales-kolke-kpi-776\/"},"modified":"2026-04-18T02:30:48","modified_gmt":"2026-04-18T00:30:48","slug":"sistema-de-microfonos-con-uhf-con-2-canales-kolke-kpi-776","status":"publish","type":"product","link":"https:\/\/rubi.com.py\/index.php\/producto\/sistema-de-microfonos-con-uhf-con-2-canales-kolke-kpi-776\/","title":{"rendered":"SISTEMA DE MICROFONOS CON UHF CON 2 CANALES KOLKE KPI-776"},"content":{"rendered":"<p>SISTEMA DE MICROFONOS CON UHF CON 2 CANALES KOLKE KPI-776 Caracter\u00edsticas: -Transmisi\u00f3n UHF: mayor alcance, estabilidad y sonido limpio-2 micr\u00f3fonos din\u00e1micos met\u00e1licos con bater\u00edas recargables ion-litio 3,7V\/800 mA.-Alcance operativo: 60 m.-Salidas del receptor: 2 XLR + 1 MIX (6,35 mm).-Alimentaci\u00f3n del receptor: 12 V \/ 500 mA. -Incluye anillos antideslizantes, cargador del receptor, cable de audio 6,35 mm, adaptador 1\/4&#8243;, cable USB-C y cargador USB.<\/p>\n","protected":false},"excerpt":{"rendered":"<p>SISTEMA DE MICROFONOS CON UHF CON 2 CANALES KOLKE KPI-776<\/p>\n","protected":false},"featured_media":3330,"comment_status":"open","ping_status":"closed","template":"","meta":{"_et_pb_use_builder":"","_et_pb_old_content":"","_et_gb_content_width":""},"product_brand":[],"product_cat":[46],"product_tag":[],"class_list":{"0":"post-3331","1":"product","2":"type-product","3":"status-publish","4":"has-post-thumbnail","6":"product_cat-tecnologia","8":"first","9":"instock","10":"shipping-taxable","11":"purchasable","12":"product-type-simple"},"_links":{"self":[{"href":"https:\/\/rubi.com.py\/index.php\/wp-json\/wp\/v2\/product\/3331","targetHints":{"allow":["GET"]}}],"collection":[{"href":"https:\/\/rubi.com.py\/index.php\/wp-json\/wp\/v2\/product"}],"about":[{"href":"https:\/\/rubi.com.py\/index.php\/wp-json\/wp\/v2\/types\/product"}],"replies":[{"embeddable":true,"href":"https:\/\/rubi.com.py\/index.php\/wp-json\/wp\/v2\/comments?post=3331"}],"wp:featuredmedia":[{"embeddable":true,"href":"https:\/\/rubi.com.py\/index.php\/wp-json\/wp\/v2\/media\/3330"}],"wp:attachment":[{"href":"https:\/\/rubi.com.py\/index.php\/wp-json\/wp\/v2\/media?parent=3331"}],"wp:term":[{"taxonomy":"product_brand","embeddable":true,"href":"https:\/\/rubi.com.py\/index.php\/wp-json\/wp\/v2\/product_brand?post=3331"},{"taxonomy":"product_cat","embeddable":true,"href":"https:\/\/rubi.com.py\/index.php\/wp-json\/wp\/v2\/product_cat?post=3331"},{"taxonomy":"product_tag","embeddable":true,"href":"https:\/\/rubi.com.py\/index.php\/wp-json\/wp\/v2\/product_tag?post=3331"}],"curies":[{"name":"wp","href":"https:\/\/api.w.org\/{rel}","templated":true}]}}