{"id":3338,"date":"2026-04-18T02:32:31","date_gmt":"2026-04-18T00:32:31","guid":{"rendered":"https:\/\/rubi.com.py\/index.php\/producto\/soporte-de-telefono-kolke-kvs-781-negro\/"},"modified":"2026-04-18T02:32:38","modified_gmt":"2026-04-18T00:32:38","slug":"soporte-de-telefono-kolke-kvs-781-negro","status":"publish","type":"product","link":"https:\/\/rubi.com.py\/index.php\/producto\/soporte-de-telefono-kolke-kvs-781-negro\/","title":{"rendered":"SOPORTE DE TELEFONO KOLKE KVS-781 NEGRO"},"content":{"rendered":"<p>SOPORTE DE TELEFONO KOLKE KVS-781 NEGRO Caracter\u00edsticas: -Soporte Magn\u00e9tico Multi\u00e1ngulo-Tipo de dispositivo: Adaptador met\u00e1lico para tel\u00e9fonos y otros dispositivos.-Sistema de sujeci\u00f3n: Atracci\u00f3n magn\u00e9tica + ventosa con tecnolog\u00eda de absorci\u00f3n al vac\u00edo.-Superficies compatibles: Vidrio, azulejos, madera, veh\u00edculos, pantallas, entre otros. Ajuste: Multi\u00e1ngulo con giro de 360\u00b0.-Operaci\u00f3n: F\u00e1cil manejo con una sola mano.-Materiales: Combinaci\u00f3n de PC + ABS + TPU, junto con aleaci\u00f3n de aluminio y zinc, para mayor resistencia, flexibilidad y durabilidad.<\/p>\n","protected":false},"excerpt":{"rendered":"<p>SOPORTE DE TELEFONO KOLKE KVS-781 NEGRO<\/p>\n","protected":false},"featured_media":3339,"comment_status":"open","ping_status":"closed","template":"","meta":{"_et_pb_use_builder":"","_et_pb_old_content":"","_et_gb_content_width":""},"product_brand":[],"product_cat":[46],"product_tag":[],"class_list":{"0":"post-3338","1":"product","2":"type-product","3":"status-publish","4":"has-post-thumbnail","6":"product_cat-tecnologia","8":"first","9":"instock","10":"shipping-taxable","11":"purchasable","12":"product-type-simple"},"_links":{"self":[{"href":"https:\/\/rubi.com.py\/index.php\/wp-json\/wp\/v2\/product\/3338","targetHints":{"allow":["GET"]}}],"collection":[{"href":"https:\/\/rubi.com.py\/index.php\/wp-json\/wp\/v2\/product"}],"about":[{"href":"https:\/\/rubi.com.py\/index.php\/wp-json\/wp\/v2\/types\/product"}],"replies":[{"embeddable":true,"href":"https:\/\/rubi.com.py\/index.php\/wp-json\/wp\/v2\/comments?post=3338"}],"wp:featuredmedia":[{"embeddable":true,"href":"https:\/\/rubi.com.py\/index.php\/wp-json\/wp\/v2\/media\/3339"}],"wp:attachment":[{"href":"https:\/\/rubi.com.py\/index.php\/wp-json\/wp\/v2\/media?parent=3338"}],"wp:term":[{"taxonomy":"product_brand","embeddable":true,"href":"https:\/\/rubi.com.py\/index.php\/wp-json\/wp\/v2\/product_brand?post=3338"},{"taxonomy":"product_cat","embeddable":true,"href":"https:\/\/rubi.com.py\/index.php\/wp-json\/wp\/v2\/product_cat?post=3338"},{"taxonomy":"product_tag","embeddable":true,"href":"https:\/\/rubi.com.py\/index.php\/wp-json\/wp\/v2\/product_tag?post=3338"}],"curies":[{"name":"wp","href":"https:\/\/api.w.org\/{rel}","templated":true}]}}