{"id":3346,"date":"2026-04-18T20:15:48","date_gmt":"2026-04-18T18:15:48","guid":{"rendered":"https:\/\/rubi.com.py\/index.php\/producto\/destornillador-inalambrico-46pcs-nappo-nhti-299\/"},"modified":"2026-04-18T20:15:48","modified_gmt":"2026-04-18T18:15:48","slug":"destornillador-inalambrico-46pcs-nappo-nhti-299","status":"publish","type":"product","link":"https:\/\/rubi.com.py\/index.php\/producto\/destornillador-inalambrico-46pcs-nappo-nhti-299\/","title":{"rendered":"DESTORNILLADOR INALAMBRICO 46PCS NAPPO NHTI-299"},"content":{"rendered":"<p>DESTORNILLADOR INALAMBRICO 46PCS NAPPO NHTI-299 Caracter\u00edsticas: -Set completo con 46 accesorios para atornillar y perforar. -Bater\u00eda recargable de 3.6V (1300 mAh) con autonom\u00eda de hasta 2 horas. -Velocidad de 0\u2013350 RPM y torque de 2,5 Nm para trabajos precisos. -Mango giratorio de 2 posiciones y control bidireccional (avance y retroceso). -Luz LED integrada y indicador de carga para mejor visibilidad. -Dise\u00f1o ligero, compacto y ergon\u00f3mico. -Incluye malet\u00edn de transporte y amplia variedad de puntas, brocas y accesorios. -Carga por micro USB (5V\/1A o 5V\/2A, cargador no incluido).<\/p>\n","protected":false},"excerpt":{"rendered":"<p>DESTORNILLADOR INALAMBRICO 46PCS NAPPO NHTI-299<\/p>\n","protected":false},"featured_media":0,"comment_status":"open","ping_status":"closed","template":"","meta":{"_et_pb_use_builder":"","_et_pb_old_content":"","_et_gb_content_width":""},"product_brand":[],"product_cat":[36],"product_tag":[],"class_list":{"0":"post-3346","1":"product","2":"type-product","3":"status-publish","5":"product_cat-ferreteria","7":"first","8":"instock","9":"shipping-taxable","10":"purchasable","11":"product-type-simple"},"_links":{"self":[{"href":"https:\/\/rubi.com.py\/index.php\/wp-json\/wp\/v2\/product\/3346","targetHints":{"allow":["GET"]}}],"collection":[{"href":"https:\/\/rubi.com.py\/index.php\/wp-json\/wp\/v2\/product"}],"about":[{"href":"https:\/\/rubi.com.py\/index.php\/wp-json\/wp\/v2\/types\/product"}],"replies":[{"embeddable":true,"href":"https:\/\/rubi.com.py\/index.php\/wp-json\/wp\/v2\/comments?post=3346"}],"wp:attachment":[{"href":"https:\/\/rubi.com.py\/index.php\/wp-json\/wp\/v2\/media?parent=3346"}],"wp:term":[{"taxonomy":"product_brand","embeddable":true,"href":"https:\/\/rubi.com.py\/index.php\/wp-json\/wp\/v2\/product_brand?post=3346"},{"taxonomy":"product_cat","embeddable":true,"href":"https:\/\/rubi.com.py\/index.php\/wp-json\/wp\/v2\/product_cat?post=3346"},{"taxonomy":"product_tag","embeddable":true,"href":"https:\/\/rubi.com.py\/index.php\/wp-json\/wp\/v2\/product_tag?post=3346"}],"curies":[{"name":"wp","href":"https:\/\/api.w.org\/{rel}","templated":true}]}}