{"id":3351,"date":"2026-04-18T20:18:08","date_gmt":"2026-04-18T18:18:08","guid":{"rendered":"https:\/\/rubi.com.py\/index.php\/producto\/ventilador-de-pie-de-20-con-timer-nvp-300\/"},"modified":"2026-04-18T20:18:08","modified_gmt":"2026-04-18T18:18:08","slug":"ventilador-de-pie-de-20-con-timer-nvp-300","status":"publish","type":"product","link":"https:\/\/rubi.com.py\/index.php\/producto\/ventilador-de-pie-de-20-con-timer-nvp-300\/","title":{"rendered":"VENTILADOR DE PIE DE 20&#8243; CON TIMER NVP-300"},"content":{"rendered":"<p>VENTILADOR DE PIE DE 20&#8243; CON TIMER NVP-300 Caracter\u00edsticas: -Gran tama\u00f1o: 20 pulgadas (51 cm). -Potente flujo de aire. -5 Aspas de PP. -Tres niveles de velocidad ajustables. -Timer ajustable de hasta 1 hora. -\u00c1ngulo de inclinaci\u00f3n ajustable (manualmente). -Altura ajustable (manualmente) de 1.19m ~ 1.4m. -Funci\u00f3n oscilante. -Base redonda de 3Kg para mayor estabilidad.<\/p>\n","protected":false},"excerpt":{"rendered":"<p>VENTILADOR DE PIE DE 20&#8243; CON TIMER NVP-300<\/p>\n","protected":false},"featured_media":0,"comment_status":"open","ping_status":"closed","template":"","meta":{"_et_pb_use_builder":"","_et_pb_old_content":"","_et_gb_content_width":""},"product_brand":[],"product_cat":[38],"product_tag":[],"class_list":{"0":"post-3351","1":"product","2":"type-product","3":"status-publish","5":"product_cat-hogar-y-limpieza","7":"first","8":"instock","9":"shipping-taxable","10":"purchasable","11":"product-type-simple"},"_links":{"self":[{"href":"https:\/\/rubi.com.py\/index.php\/wp-json\/wp\/v2\/product\/3351","targetHints":{"allow":["GET"]}}],"collection":[{"href":"https:\/\/rubi.com.py\/index.php\/wp-json\/wp\/v2\/product"}],"about":[{"href":"https:\/\/rubi.com.py\/index.php\/wp-json\/wp\/v2\/types\/product"}],"replies":[{"embeddable":true,"href":"https:\/\/rubi.com.py\/index.php\/wp-json\/wp\/v2\/comments?post=3351"}],"wp:attachment":[{"href":"https:\/\/rubi.com.py\/index.php\/wp-json\/wp\/v2\/media?parent=3351"}],"wp:term":[{"taxonomy":"product_brand","embeddable":true,"href":"https:\/\/rubi.com.py\/index.php\/wp-json\/wp\/v2\/product_brand?post=3351"},{"taxonomy":"product_cat","embeddable":true,"href":"https:\/\/rubi.com.py\/index.php\/wp-json\/wp\/v2\/product_cat?post=3351"},{"taxonomy":"product_tag","embeddable":true,"href":"https:\/\/rubi.com.py\/index.php\/wp-json\/wp\/v2\/product_tag?post=3351"}],"curies":[{"name":"wp","href":"https:\/\/api.w.org\/{rel}","templated":true}]}}