{"id":3353,"date":"2026-04-18T20:18:33","date_gmt":"2026-04-18T18:18:33","guid":{"rendered":"https:\/\/rubi.com.py\/index.php\/producto\/ventilador-de-piso-20-tipo-industrial-nvp-301\/"},"modified":"2026-04-18T20:18:33","modified_gmt":"2026-04-18T18:18:33","slug":"ventilador-de-piso-20-tipo-industrial-nvp-301","status":"publish","type":"product","link":"https:\/\/rubi.com.py\/index.php\/producto\/ventilador-de-piso-20-tipo-industrial-nvp-301\/","title":{"rendered":"VENTILADOR DE PISO 20&#8243; TIPO INDUSTRIAL NVP-301"},"content":{"rendered":"<p>VENTILADOR DE PISO 20&#8243; TIPO INDUSTRIAL NVP-301 Caracter\u00edsticas: -Gran tama\u00f1o de 20 pulgadas (51 cm): ideal para cubrir amplios espacios. -Potente flujo de aire gracias a su motor de 100 W y 1350 RPM. -3 aspas met\u00e1licas que garantizan mayor durabilidad y eficiencia. -Estructura met\u00e1lica resistente y robusta, dise\u00f1ada para uso prolongado. -Tres velocidades ajustables: Suave \/ Media \/ Fuerte. -\u00c1ngulo de inclinaci\u00f3n regulable manualmente para dirigir el flujo de aire. -Motor de alta velocidad y bajo consumo, con protecci\u00f3n t\u00e9rmica contra sobrecalentamiento. -Alimentaci\u00f3n el\u00e9ctrica: 220V ~ 50\/60Hz. -Cable de alimentaci\u00f3n de 1,8 metros para mayor comodidad.<\/p>\n","protected":false},"excerpt":{"rendered":"<p>VENTILADOR DE PISO 20&#8243; TIPO INDUSTRIAL NVP-301<\/p>\n","protected":false},"featured_media":3352,"comment_status":"open","ping_status":"closed","template":"","meta":{"_et_pb_use_builder":"","_et_pb_old_content":"","_et_gb_content_width":""},"product_brand":[],"product_cat":[38],"product_tag":[],"class_list":{"0":"post-3353","1":"product","2":"type-product","3":"status-publish","4":"has-post-thumbnail","6":"product_cat-hogar-y-limpieza","8":"first","9":"instock","10":"shipping-taxable","11":"purchasable","12":"product-type-simple"},"_links":{"self":[{"href":"https:\/\/rubi.com.py\/index.php\/wp-json\/wp\/v2\/product\/3353","targetHints":{"allow":["GET"]}}],"collection":[{"href":"https:\/\/rubi.com.py\/index.php\/wp-json\/wp\/v2\/product"}],"about":[{"href":"https:\/\/rubi.com.py\/index.php\/wp-json\/wp\/v2\/types\/product"}],"replies":[{"embeddable":true,"href":"https:\/\/rubi.com.py\/index.php\/wp-json\/wp\/v2\/comments?post=3353"}],"wp:featuredmedia":[{"embeddable":true,"href":"https:\/\/rubi.com.py\/index.php\/wp-json\/wp\/v2\/media\/3352"}],"wp:attachment":[{"href":"https:\/\/rubi.com.py\/index.php\/wp-json\/wp\/v2\/media?parent=3353"}],"wp:term":[{"taxonomy":"product_brand","embeddable":true,"href":"https:\/\/rubi.com.py\/index.php\/wp-json\/wp\/v2\/product_brand?post=3353"},{"taxonomy":"product_cat","embeddable":true,"href":"https:\/\/rubi.com.py\/index.php\/wp-json\/wp\/v2\/product_cat?post=3353"},{"taxonomy":"product_tag","embeddable":true,"href":"https:\/\/rubi.com.py\/index.php\/wp-json\/wp\/v2\/product_tag?post=3353"}],"curies":[{"name":"wp","href":"https:\/\/api.w.org\/{rel}","templated":true}]}}