{"id":3355,"date":"2026-04-18T20:19:37","date_gmt":"2026-04-18T18:19:37","guid":{"rendered":"https:\/\/rubi.com.py\/index.php\/producto\/planchita-de-pelo-nappo-lisspro-con-led-y-funcion-ionica-npp-302-blanca\/"},"modified":"2026-04-18T20:19:37","modified_gmt":"2026-04-18T18:19:37","slug":"planchita-de-pelo-nappo-lisspro-con-led-y-funcion-ionica-npp-302-blanca","status":"publish","type":"product","link":"https:\/\/rubi.com.py\/index.php\/producto\/planchita-de-pelo-nappo-lisspro-con-led-y-funcion-ionica-npp-302-blanca\/","title":{"rendered":"PLANCHITA DE PELO NAPPO LISSPRO CON LED Y FUNCI\u00d3N I\u00d3NICA NPP-302 BLANCA"},"content":{"rendered":"<p>PLANCHITA DE PELO NAPPO LISSPRO CON LED Y FUNCI\u00d3N I\u00d3NICA NPP-302 BLANCA Caracter\u00edsticas: -Funci\u00f3n i\u00f3nica para un cabello m\u00e1s suave, saludable, brillante y manejable. -Elemento calefactor PTC: Regulador de temperatura inteligente.-Placas con revestimiento cer\u00e1mico. -Cinco ajustes de temperatura. -Temperatura m\u00e1xima: 230\u00baC-Calentamiento r\u00e1pido. -Control de temperatura con pantalla digital LED. -Apagado autom\u00e1tico. -Funci\u00f3n de bloqueo. -Potencia: 45 W.<\/p>\n","protected":false},"excerpt":{"rendered":"<p>PLANCHITA DE PELO NAPPO LISSPRO CON LED Y FUNCI\u00d3N I\u00d3NICA NPP-302 BLANCA<\/p>\n","protected":false},"featured_media":0,"comment_status":"open","ping_status":"closed","template":"","meta":{"_et_pb_use_builder":"","_et_pb_old_content":"","_et_gb_content_width":""},"product_brand":[],"product_cat":[45],"product_tag":[],"class_list":{"0":"post-3355","1":"product","2":"type-product","3":"status-publish","5":"product_cat-salud-y-belleza","7":"first","8":"instock","9":"shipping-taxable","10":"purchasable","11":"product-type-simple"},"_links":{"self":[{"href":"https:\/\/rubi.com.py\/index.php\/wp-json\/wp\/v2\/product\/3355","targetHints":{"allow":["GET"]}}],"collection":[{"href":"https:\/\/rubi.com.py\/index.php\/wp-json\/wp\/v2\/product"}],"about":[{"href":"https:\/\/rubi.com.py\/index.php\/wp-json\/wp\/v2\/types\/product"}],"replies":[{"embeddable":true,"href":"https:\/\/rubi.com.py\/index.php\/wp-json\/wp\/v2\/comments?post=3355"}],"wp:attachment":[{"href":"https:\/\/rubi.com.py\/index.php\/wp-json\/wp\/v2\/media?parent=3355"}],"wp:term":[{"taxonomy":"product_brand","embeddable":true,"href":"https:\/\/rubi.com.py\/index.php\/wp-json\/wp\/v2\/product_brand?post=3355"},{"taxonomy":"product_cat","embeddable":true,"href":"https:\/\/rubi.com.py\/index.php\/wp-json\/wp\/v2\/product_cat?post=3355"},{"taxonomy":"product_tag","embeddable":true,"href":"https:\/\/rubi.com.py\/index.php\/wp-json\/wp\/v2\/product_tag?post=3355"}],"curies":[{"name":"wp","href":"https:\/\/api.w.org\/{rel}","templated":true}]}}