{"id":3357,"date":"2026-04-18T20:20:49","date_gmt":"2026-04-18T18:20:49","guid":{"rendered":"https:\/\/rubi.com.py\/index.php\/producto\/kit-de-afeitadora-nappo-6-en-1-npa-303\/"},"modified":"2026-04-18T20:20:49","modified_gmt":"2026-04-18T18:20:49","slug":"kit-de-afeitadora-nappo-6-en-1-npa-303","status":"publish","type":"product","link":"https:\/\/rubi.com.py\/index.php\/producto\/kit-de-afeitadora-nappo-6-en-1-npa-303\/","title":{"rendered":"KIT DE AFEITADORA NAPPO 6 EN 1 NPA-303"},"content":{"rendered":"<p>KIT DE AFEITADORA NAPPO 6 EN 1 NPA-303 Caracter\u00edsticas: -Motor potente de 6500 RPM para cortes precisos y r\u00e1pidos.-Bater\u00eda recargable 600 mAh con 100 min de autonom\u00eda y carga en 75 min.-Uso con o sin cable. -Pantalla LED con indicador de bater\u00eda y luz integrada.-Cuchilla de acero inoxidable 420J2 y cabezales intercambiables. -F\u00e1cil limpieza y alimentaci\u00f3n universal (100\u2013240V). -Incluye 8 peines gu\u00eda, recortadores, peine, aceite, cepillo, cable USB tipo C y soporte.<\/p>\n","protected":false},"excerpt":{"rendered":"<p>KIT DE AFEITADORA NAPPO 6 EN 1 NPA-303<\/p>\n","protected":false},"featured_media":3356,"comment_status":"open","ping_status":"closed","template":"","meta":{"_et_pb_use_builder":"","_et_pb_old_content":"","_et_gb_content_width":""},"product_brand":[],"product_cat":[45],"product_tag":[],"class_list":{"0":"post-3357","1":"product","2":"type-product","3":"status-publish","4":"has-post-thumbnail","6":"product_cat-salud-y-belleza","8":"first","9":"instock","10":"shipping-taxable","11":"purchasable","12":"product-type-simple"},"_links":{"self":[{"href":"https:\/\/rubi.com.py\/index.php\/wp-json\/wp\/v2\/product\/3357","targetHints":{"allow":["GET"]}}],"collection":[{"href":"https:\/\/rubi.com.py\/index.php\/wp-json\/wp\/v2\/product"}],"about":[{"href":"https:\/\/rubi.com.py\/index.php\/wp-json\/wp\/v2\/types\/product"}],"replies":[{"embeddable":true,"href":"https:\/\/rubi.com.py\/index.php\/wp-json\/wp\/v2\/comments?post=3357"}],"wp:featuredmedia":[{"embeddable":true,"href":"https:\/\/rubi.com.py\/index.php\/wp-json\/wp\/v2\/media\/3356"}],"wp:attachment":[{"href":"https:\/\/rubi.com.py\/index.php\/wp-json\/wp\/v2\/media?parent=3357"}],"wp:term":[{"taxonomy":"product_brand","embeddable":true,"href":"https:\/\/rubi.com.py\/index.php\/wp-json\/wp\/v2\/product_brand?post=3357"},{"taxonomy":"product_cat","embeddable":true,"href":"https:\/\/rubi.com.py\/index.php\/wp-json\/wp\/v2\/product_cat?post=3357"},{"taxonomy":"product_tag","embeddable":true,"href":"https:\/\/rubi.com.py\/index.php\/wp-json\/wp\/v2\/product_tag?post=3357"}],"curies":[{"name":"wp","href":"https:\/\/api.w.org\/{rel}","templated":true}]}}