{"id":3358,"date":"2026-04-18T20:21:22","date_gmt":"2026-04-18T18:21:22","guid":{"rendered":"https:\/\/rubi.com.py\/index.php\/producto\/planchita-de-pelo-nappo-lisse-npp-304-verde\/"},"modified":"2026-04-18T20:21:22","modified_gmt":"2026-04-18T18:21:22","slug":"planchita-de-pelo-nappo-lisse-npp-304-verde","status":"publish","type":"product","link":"https:\/\/rubi.com.py\/index.php\/producto\/planchita-de-pelo-nappo-lisse-npp-304-verde\/","title":{"rendered":"PLANCHITA DE PELO NAPPO LISSE NPP-304 VERDE"},"content":{"rendered":"<p>PLANCHITA DE PELO NAPPO LISSE NPP-304 VERDE Caracter\u00edsticas: -Elemento calefactor PTC: Regulador de temperatura inteligente. -Placas con revestimiento cer\u00e1mico. -Temperatura m\u00e1xima: 230\u00baC -Calentamiento r\u00e1pido. -Funci\u00f3n de bloqueo. -Potencia: 41 W<\/p>\n","protected":false},"excerpt":{"rendered":"<p>PLANCHITA DE PELO NAPPO LISSE NPP-304 VERDE<\/p>\n","protected":false},"featured_media":0,"comment_status":"open","ping_status":"closed","template":"","meta":{"_et_pb_use_builder":"","_et_pb_old_content":"","_et_gb_content_width":""},"product_brand":[],"product_cat":[45],"product_tag":[],"class_list":{"0":"post-3358","1":"product","2":"type-product","3":"status-publish","5":"product_cat-salud-y-belleza","7":"first","8":"instock","9":"shipping-taxable","10":"purchasable","11":"product-type-simple"},"_links":{"self":[{"href":"https:\/\/rubi.com.py\/index.php\/wp-json\/wp\/v2\/product\/3358","targetHints":{"allow":["GET"]}}],"collection":[{"href":"https:\/\/rubi.com.py\/index.php\/wp-json\/wp\/v2\/product"}],"about":[{"href":"https:\/\/rubi.com.py\/index.php\/wp-json\/wp\/v2\/types\/product"}],"replies":[{"embeddable":true,"href":"https:\/\/rubi.com.py\/index.php\/wp-json\/wp\/v2\/comments?post=3358"}],"wp:attachment":[{"href":"https:\/\/rubi.com.py\/index.php\/wp-json\/wp\/v2\/media?parent=3358"}],"wp:term":[{"taxonomy":"product_brand","embeddable":true,"href":"https:\/\/rubi.com.py\/index.php\/wp-json\/wp\/v2\/product_brand?post=3358"},{"taxonomy":"product_cat","embeddable":true,"href":"https:\/\/rubi.com.py\/index.php\/wp-json\/wp\/v2\/product_cat?post=3358"},{"taxonomy":"product_tag","embeddable":true,"href":"https:\/\/rubi.com.py\/index.php\/wp-json\/wp\/v2\/product_tag?post=3358"}],"curies":[{"name":"wp","href":"https:\/\/api.w.org\/{rel}","templated":true}]}}