{"id":3360,"date":"2026-04-18T20:21:58","date_gmt":"2026-04-18T18:21:58","guid":{"rendered":"https:\/\/rubi.com.py\/index.php\/producto\/planchita-de-pelo-nappo-lisse-npp-304-violeta\/"},"modified":"2026-04-18T20:21:58","modified_gmt":"2026-04-18T18:21:58","slug":"planchita-de-pelo-nappo-lisse-npp-304-violeta","status":"publish","type":"product","link":"https:\/\/rubi.com.py\/index.php\/producto\/planchita-de-pelo-nappo-lisse-npp-304-violeta\/","title":{"rendered":"PLANCHITA DE PELO NAPPO LISSE NPP-304 VIOLETA"},"content":{"rendered":"<p>PLANCHITA DE PELO NAPPO LISSE NPP-304 VIOLETA Caracter\u00edsticas: -Elemento calefactor PTC: Regulador de temperatura inteligente. -Placas con revestimiento cer\u00e1mico. -Temperatura m\u00e1xima: 230\u00baC -Calentamiento r\u00e1pido. -Funci\u00f3n de bloqueo. -Potencia: 41 W<\/p>\n","protected":false},"excerpt":{"rendered":"<p>PLANCHITA DE PELO NAPPO LISSE NPP-304 VIOLETA<\/p>\n","protected":false},"featured_media":3359,"comment_status":"open","ping_status":"closed","template":"","meta":{"_et_pb_use_builder":"","_et_pb_old_content":"","_et_gb_content_width":""},"product_brand":[],"product_cat":[45],"product_tag":[],"class_list":{"0":"post-3360","1":"product","2":"type-product","3":"status-publish","4":"has-post-thumbnail","6":"product_cat-salud-y-belleza","8":"first","9":"instock","10":"shipping-taxable","11":"purchasable","12":"product-type-simple"},"_links":{"self":[{"href":"https:\/\/rubi.com.py\/index.php\/wp-json\/wp\/v2\/product\/3360","targetHints":{"allow":["GET"]}}],"collection":[{"href":"https:\/\/rubi.com.py\/index.php\/wp-json\/wp\/v2\/product"}],"about":[{"href":"https:\/\/rubi.com.py\/index.php\/wp-json\/wp\/v2\/types\/product"}],"replies":[{"embeddable":true,"href":"https:\/\/rubi.com.py\/index.php\/wp-json\/wp\/v2\/comments?post=3360"}],"wp:featuredmedia":[{"embeddable":true,"href":"https:\/\/rubi.com.py\/index.php\/wp-json\/wp\/v2\/media\/3359"}],"wp:attachment":[{"href":"https:\/\/rubi.com.py\/index.php\/wp-json\/wp\/v2\/media?parent=3360"}],"wp:term":[{"taxonomy":"product_brand","embeddable":true,"href":"https:\/\/rubi.com.py\/index.php\/wp-json\/wp\/v2\/product_brand?post=3360"},{"taxonomy":"product_cat","embeddable":true,"href":"https:\/\/rubi.com.py\/index.php\/wp-json\/wp\/v2\/product_cat?post=3360"},{"taxonomy":"product_tag","embeddable":true,"href":"https:\/\/rubi.com.py\/index.php\/wp-json\/wp\/v2\/product_tag?post=3360"}],"curies":[{"name":"wp","href":"https:\/\/api.w.org\/{rel}","templated":true}]}}